{"id":62,"date":"2010-05-28T08:17:26","date_gmt":"2010-05-28T08:17:26","guid":{"rendered":"https:\/\/www.lamptech.de\/pt\/?page_id=62"},"modified":"2013-03-06T12:53:34","modified_gmt":"2013-03-06T12:53:34","slug":"lampadas-uv-uestinario","status":"publish","type":"page","link":"https:\/\/www.lamptech.de\/pt-lampadas\/lampadas-ultravioletas\/lampadas-uv-uestinario\/","title":{"rendered":"L\u00e2mpadas UV &#8211; Questinario"},"content":{"rendered":"<h2>L\u00e2mpadas Ultravioletas &#8211; Questinario<\/h2>\n<div style=\"float: left;width: 100%\">\n<div style=\"float: left;width: 35%\">\n<p style=\"margin-top: 25px;font-weight: bold\">Preencha o question\u00e1rio com todas as informa\u00e7\u00f5es dispon\u00edveis sobre o emissor de infravermelhos e encaminhar o formul\u00e1rio para n\u00f3s em linha reta, para que possamos enviar-lhe uma cita\u00e7\u00e3o sobre a l\u00e2mpada que voc\u00ea precisa corrigir.<\/p>\n<p><img style=\"margin-right: 0px;margin-top: 170px\" src=\"https:\/\/www.lamptech.de\/wp-content\/uploads\/2012\/03\/uv-lampen_hoch.gif\" alt=\"\" width=\"160\" \/><\/p>\n<\/div>\n<div style=\"float: left;width: 60%;margin: 20px 0 0 20px\">\n<div role=\"form\" class=\"wpcf7\" id=\"wpcf7-f162-o1\" dir=\"ltr\">\n<div class=\"screen-reader-response\"><p role=\"status\" aria-live=\"polite\" aria-atomic=\"true\"><\/p> <ul><\/ul><\/div>\n<form action=\"\/pt-lampadas\/wp-json\/wp\/v2\/pages\/62#wpcf7-f162-o1\" method=\"post\" class=\"wpcf7-form init\" novalidate=\"novalidate\" data-status=\"init\">\n<div style=\"display: none;\">\n<input type=\"hidden\" name=\"_wpcf7\" value=\"162\" \/>\n<input type=\"hidden\" name=\"_wpcf7_version\" value=\"5.5.6\" \/>\n<input type=\"hidden\" name=\"_wpcf7_locale\" value=\"\" \/>\n<input type=\"hidden\" name=\"_wpcf7_unit_tag\" value=\"wpcf7-f162-o1\" \/>\n<input type=\"hidden\" name=\"_wpcf7_container_post\" value=\"0\" \/>\n<input type=\"hidden\" name=\"_wpcf7_posted_data_hash\" value=\"\" \/>\n<\/div>\n<p class=\"bold\">Cliente:<br \/><span class=\"wpcf7-form-control-wrap your-name\"><input type=\"text\" name=\"your-name\" value=\"\" size=\"40\" class=\"wpcf7-form-control wpcf7-text wpcf7-validates-as-required\" aria-required=\"true\" aria-invalid=\"false\" \/><\/span><\/p>\n<p class=\"bold\">E-Mail<br \/><span class=\"wpcf7-form-control-wrap your-email\"><input type=\"email\" name=\"your-email\" value=\"\" size=\"40\" class=\"wpcf7-form-control wpcf7-text wpcf7-email wpcf7-validates-as-required wpcf7-validates-as-email\" aria-required=\"true\" aria-invalid=\"false\" \/><\/span><\/p>\n<p>Pessoa de contato:<br \/><span class=\"wpcf7-form-control-wrap text-231\"><input type=\"text\" name=\"text-231\" value=\"\" size=\"40\" class=\"wpcf7-form-control wpcf7-text\" aria-invalid=\"false\" \/><\/span><\/p>\n<p>Endere\u00e7o:<br \/><span class=\"wpcf7-form-control-wrap text-198\"><input type=\"text\" name=\"text-198\" value=\"\" size=\"40\" class=\"wpcf7-form-control wpcf7-text\" aria-invalid=\"false\" \/><\/span><\/p>\n<p>CEP:<br \/><span class=\"wpcf7-form-control-wrap text-299\"><input type=\"text\" name=\"text-299\" value=\"\" size=\"40\" class=\"wpcf7-form-control wpcf7-text\" aria-invalid=\"false\" \/><\/span><\/p>\n<p>Cidade:t<br \/><span class=\"wpcf7-form-control-wrap text-993\"><input type=\"text\" name=\"text-993\" value=\"\" size=\"40\" class=\"wpcf7-form-control wpcf7-text\" aria-invalid=\"false\" \/><\/span><\/p>\n<p>Telefono<br \/><span class=\"wpcf7-form-control-wrap text-154\"><input type=\"text\" name=\"text-154\" value=\"\" size=\"40\" class=\"wpcf7-form-control wpcf7-text\" aria-invalid=\"false\" \/><\/span><\/p>\n<p>Telefax<br \/><span class=\"wpcf7-form-control-wrap text-174\"><input type=\"text\" name=\"text-174\" value=\"\" size=\"40\" class=\"wpcf7-form-control wpcf7-text\" aria-invalid=\"false\" \/><\/span><\/p>\n<p class=\"bold\">Fornecedor do t\u00fanel do secagem:<br \/><span class=\"wpcf7-form-control-wrap text-317\"><input type=\"text\" name=\"text-317\" value=\"\" size=\"40\" class=\"wpcf7-form-control wpcf7-text\" aria-invalid=\"false\" \/><\/span><\/p>\n<p>A. Comprimento total:<br \/><span class=\"wpcf7-form-control-wrap text-41\"><input type=\"text\" name=\"text-41\" value=\"\" size=\"40\" maxlength=\"10\" class=\"wpcf7-form-control wpcf7-text\" aria-invalid=\"false\" \/><\/span><\/p>\n<p>B. Comprimento da l\u00e2mpadas:<br \/><span class=\"wpcf7-form-control-wrap text-823\"><input type=\"text\" name=\"text-823\" value=\"\" size=\"40\" maxlength=\"10\" class=\"wpcf7-form-control wpcf7-text\" aria-invalid=\"false\" \/><\/span><\/p>\n<p>C. Comprimento do arco:<br \/><span class=\"wpcf7-form-control-wrap text-895\"><input type=\"text\" name=\"text-895\" value=\"\" size=\"40\" maxlength=\"10\" class=\"wpcf7-form-control wpcf7-text\" aria-invalid=\"false\" \/><\/span><\/p>\n<p>D. Di\u00e2metro do tubo:<br \/><span class=\"wpcf7-form-control-wrap text-857\"><input type=\"text\" name=\"text-857\" value=\"\" size=\"40\" maxlength=\"10\" class=\"wpcf7-form-control wpcf7-text\" aria-invalid=\"false\" \/><\/span><\/p>\n<p>E. Comprimento dos cabos:<\/p>\n<p>E1: <span class=\"wpcf7-form-control-wrap text-564\"><input type=\"text\" name=\"text-564\" value=\"\" size=\"10\" maxlength=\"10\" class=\"wpcf7-form-control wpcf7-text\" aria-invalid=\"false\" \/><\/span><\/p>\n<p>E2: <span class=\"wpcf7-form-control-wrap text-734\"><input type=\"text\" name=\"text-734\" value=\"\" size=\"10\" maxlength=\"10\" class=\"wpcf7-form-control wpcf7-text\" aria-invalid=\"false\" \/><\/span><\/p>\n<p>N\u00famero de refer\u00eancia do fabricante da l\u00e2mpada: <br \/><span class=\"wpcf7-form-control-wrap text-932\"><input type=\"text\" name=\"text-932\" value=\"\" size=\"40\" class=\"wpcf7-form-control wpcf7-text\" aria-invalid=\"false\" \/><\/span><\/p>\n<p>Tipo de soquete:<\/p>\n<p><\/p>\n<p><span class=\"wpcf7-form-control-wrap checkbox-787\"><span class=\"wpcf7-form-control wpcf7-checkbox\"><span class=\"wpcf7-list-item first\"><input type=\"checkbox\" name=\"checkbox-787[]\" value=\"Cer\u00e2mica\" \/><span class=\"wpcf7-list-item-label\">Cer\u00e2mica<\/span><\/span><span class=\"wpcf7-list-item\"><input type=\"checkbox\" name=\"checkbox-787[]\" value=\"Met\u00e1lico\" \/><span class=\"wpcf7-list-item-label\">Met\u00e1lico<\/span><\/span><span class=\"wpcf7-list-item last\"><input type=\"checkbox\" name=\"checkbox-787[]\" value=\"Outros\" \/><span class=\"wpcf7-list-item-label\">Outros<\/span><\/span><\/span><\/span><span class=\"wpcf7-form-control-wrap text-381\"><input type=\"text\" name=\"text-381\" value=\"\" size=\"40\" class=\"wpcf7-form-control wpcf7-text\" aria-invalid=\"false\" \/><\/span><\/p>\n<p class=\"bold\">Dimens\u00f5es<\/p>\n<p>F:                      <span class=\"wpcf7-form-control-wrap text-812\"><input type=\"text\" name=\"text-812\" value=\"\" size=\"10\" maxlength=\"10\" class=\"wpcf7-form-control wpcf7-text\" aria-invalid=\"false\" \/><\/span><\/p>\n<p>G:                     <span class=\"wpcf7-form-control-wrap text-615\"><input type=\"text\" name=\"text-615\" value=\"\" size=\"10\" maxlength=\"10\" class=\"wpcf7-form-control wpcf7-text\" aria-invalid=\"false\" \/><\/span><\/p>\n<p>H:(di\u00e2metro): <span class=\"wpcf7-form-control-wrap text-992\"><input type=\"text\" name=\"text-992\" value=\"\" size=\"10\" maxlength=\"10\" class=\"wpcf7-form-control wpcf7-text\" aria-invalid=\"false\" \/><\/span><\/p>\n<p>I: (di\u00e2metro): <span class=\"wpcf7-form-control-wrap text-426\"><input type=\"text\" name=\"text-426\" value=\"\" size=\"10\" maxlength=\"10\" class=\"wpcf7-form-control wpcf7-text\" aria-invalid=\"false\" \/><\/span><\/p>\n<p>J:                       <span class=\"wpcf7-form-control-wrap text-175\"><input type=\"text\" name=\"text-175\" value=\"\" size=\"10\" maxlength=\"10\" class=\"wpcf7-form-control wpcf7-text\" aria-invalid=\"false\" \/><\/span><\/p>\n<p class=\"bold\">Dados el\u00e9tricos<\/p>\n<p>Voltagem da l\u00e2mpada: <span class=\"wpcf7-form-control-wrap text-779\"><input type=\"text\" name=\"text-779\" value=\"\" size=\"10\" maxlength=\"10\" class=\"wpcf7-form-control wpcf7-text\" aria-invalid=\"false\" \/><\/span><\/p>\n<p>Corrente da l\u00e2mpada:      <span class=\"wpcf7-form-control-wrap text-231\"><input type=\"text\" name=\"text-231\" value=\"\" size=\"10\" maxlength=\"10\" class=\"wpcf7-form-control wpcf7-text\" aria-invalid=\"false\" \/><\/span><\/p>\n<p>Pot\u00eancia da l\u00e2mpada:   <span class=\"wpcf7-form-control-wrap text-991\"><input type=\"text\" name=\"text-991\" value=\"\" size=\"10\" maxlength=\"10\" class=\"wpcf7-form-control wpcf7-text\" aria-invalid=\"false\" \/><\/span><\/p>\n<p><input type=\"submit\" value=\"Enviar para LampTech\" class=\"wpcf7-form-control has-spinner wpcf7-submit\" \/><\/p>\n<div class=\"wpcf7-response-output\" aria-hidden=\"true\"><\/div><\/form><\/div>\n<\/div>\n<div style=\"clear: both\"><\/div>\n<p>Se voc\u00ea tem uma luz muito complexo, por favor envie <span class=\"bold\">uma amostra ou figura ou imagem detalhada da luz como fax (+49 5241 702761)<\/span> para LampTech<\/p>\n<\/div>","protected":false},"excerpt":{"rendered":"<p>L\u00e2mpadas Ultravioletas &#8211; Questinario Preencha o question\u00e1rio com todas as informa\u00e7\u00f5es dispon\u00edveis sobre o emissor de infravermelhos e encaminhar o formul\u00e1rio para n\u00f3s em linha reta, para que possamos enviar-lhe uma cita\u00e7\u00e3o sobre a l\u00e2mpada que voc\u00ea precisa corrigir. Se voc\u00ea tem uma luz muito complexo, por favor envie uma amostra ou figura ou imagem [&hellip;]<\/p>\n","protected":false},"author":1,"featured_media":0,"parent":10,"menu_order":1,"comment_status":"open","ping_status":"open","template":"","meta":[],"_links":{"self":[{"href":"https:\/\/www.lamptech.de\/pt-lampadas\/wp-json\/wp\/v2\/pages\/62"}],"collection":[{"href":"https:\/\/www.lamptech.de\/pt-lampadas\/wp-json\/wp\/v2\/pages"}],"about":[{"href":"https:\/\/www.lamptech.de\/pt-lampadas\/wp-json\/wp\/v2\/types\/page"}],"author":[{"embeddable":true,"href":"https:\/\/www.lamptech.de\/pt-lampadas\/wp-json\/wp\/v2\/users\/1"}],"replies":[{"embeddable":true,"href":"https:\/\/www.lamptech.de\/pt-lampadas\/wp-json\/wp\/v2\/comments?post=62"}],"version-history":[{"count":2,"href":"https:\/\/www.lamptech.de\/pt-lampadas\/wp-json\/wp\/v2\/pages\/62\/revisions"}],"predecessor-version":[{"id":167,"href":"https:\/\/www.lamptech.de\/pt-lampadas\/wp-json\/wp\/v2\/pages\/62\/revisions\/167"}],"up":[{"embeddable":true,"href":"https:\/\/www.lamptech.de\/pt-lampadas\/wp-json\/wp\/v2\/pages\/10"}],"wp:attachment":[{"href":"https:\/\/www.lamptech.de\/pt-lampadas\/wp-json\/wp\/v2\/media?parent=62"}],"curies":[{"name":"wp","href":"https:\/\/api.w.org\/{rel}","templated":true}]}}