{"id":38,"date":"2010-05-27T11:23:32","date_gmt":"2010-05-27T11:23:32","guid":{"rendered":"https:\/\/www.lamptech.de\/pt\/?page_id=38"},"modified":"2013-03-06T12:52:49","modified_gmt":"2013-03-06T12:52:49","slug":"iv-questinario","status":"publish","type":"page","link":"https:\/\/www.lamptech.de\/pt-lampadas\/ir-strahler\/iv-questinario\/","title":{"rendered":"L\u00e2mpadas IV &#8211; Questinario"},"content":{"rendered":"<h2>L\u00e2mpadas Infravermelhas &#8211; Questinario<\/h2>\n<div style=\"float: left;width: 100%\">\n<div style=\"float: left;width: 35%\">\n<p style=\"margin-top: 25px;font-weight: bold\">Preencha o question\u00e1rio com todas as informa\u00e7\u00f5es dispon\u00edveis sobre o emissor de infravermelhos e encaminhar o formul\u00e1rio para n\u00f3s em linha reta, para que possamos enviar-lhe uma cita\u00e7\u00e3o sobre a l\u00e2mpada que voc\u00ea precisa corrigir.<\/p>\n<p><img style=\"margin-right: 0px;margin-top: 450px\" src=\"https:\/\/www.lamptech.de\/wp-content\/uploads\/2012\/03\/roehren_trans.png\" alt=\"Roehren\" width=\"250\" \/><\/p>\n<\/div>\n<div style=\"float: left;width: 60%;margin: 20px 0 0 20px\">\n<div role=\"form\" class=\"wpcf7\" id=\"wpcf7-f160-o1\" dir=\"ltr\">\n<div class=\"screen-reader-response\"><p role=\"status\" aria-live=\"polite\" aria-atomic=\"true\"><\/p> <ul><\/ul><\/div>\n<form action=\"\/pt-lampadas\/wp-json\/wp\/v2\/pages\/38#wpcf7-f160-o1\" method=\"post\" class=\"wpcf7-form init\" novalidate=\"novalidate\" data-status=\"init\">\n<div style=\"display: none;\">\n<input type=\"hidden\" name=\"_wpcf7\" value=\"160\" \/>\n<input type=\"hidden\" name=\"_wpcf7_version\" value=\"5.5.6\" \/>\n<input type=\"hidden\" name=\"_wpcf7_locale\" value=\"\" \/>\n<input type=\"hidden\" name=\"_wpcf7_unit_tag\" value=\"wpcf7-f160-o1\" \/>\n<input type=\"hidden\" name=\"_wpcf7_container_post\" value=\"0\" \/>\n<input type=\"hidden\" name=\"_wpcf7_posted_data_hash\" value=\"\" \/>\n<\/div>\n<p class=\"bold\">Cliente:<br \/><span class=\"wpcf7-form-control-wrap your-name\"><input type=\"text\" name=\"your-name\" value=\"\" size=\"40\" class=\"wpcf7-form-control wpcf7-text wpcf7-validates-as-required\" aria-required=\"true\" aria-invalid=\"false\" \/><\/span><\/p>\n<p class=\"bold\">E-Mail<br \/><span class=\"wpcf7-form-control-wrap your-email\"><input type=\"email\" name=\"your-email\" value=\"\" size=\"40\" class=\"wpcf7-form-control wpcf7-text wpcf7-email wpcf7-validates-as-required wpcf7-validates-as-email\" aria-required=\"true\" aria-invalid=\"false\" \/><\/span><\/p>\n<p>Pessoa de contato:<br \/><span class=\"wpcf7-form-control-wrap text-617\"><input type=\"text\" name=\"text-617\" value=\"\" size=\"40\" class=\"wpcf7-form-control wpcf7-text\" aria-invalid=\"false\" \/><\/span><\/p>\n<p>Endere\u00e7o:<br \/><span class=\"wpcf7-form-control-wrap text-629\"><input type=\"text\" name=\"text-629\" value=\"\" size=\"40\" class=\"wpcf7-form-control wpcf7-text\" aria-invalid=\"false\" \/><\/span><\/p>\n<p>CEP:<br \/><span class=\"wpcf7-form-control-wrap text-40\"><input type=\"text\" name=\"text-40\" value=\"\" size=\"40\" class=\"wpcf7-form-control wpcf7-text\" aria-invalid=\"false\" \/><\/span><\/p>\n<p>Cidade<br \/><span class=\"wpcf7-form-control-wrap text-78\"><input type=\"text\" name=\"text-78\" value=\"\" size=\"40\" class=\"wpcf7-form-control wpcf7-text\" aria-invalid=\"false\" \/><\/span><\/p>\n<p>Telefone:<br \/><span class=\"wpcf7-form-control-wrap text-216\"><input type=\"text\" name=\"text-216\" value=\"\" size=\"40\" class=\"wpcf7-form-control wpcf7-text\" aria-invalid=\"false\" \/><\/span><\/p>\n<p>Telefax<br \/><span class=\"wpcf7-form-control-wrap text-421\"><input type=\"text\" name=\"text-421\" value=\"\" size=\"40\" class=\"wpcf7-form-control wpcf7-text\" aria-invalid=\"false\" \/><\/span><\/p>\n<p class=\"bold\">Dados da l\u00e2mpada:<br \/><span class=\"wpcf7-form-control-wrap textarea-83\"><textarea name=\"textarea-83\" cols=\"40\" rows=\"10\" class=\"wpcf7-form-control wpcf7-textarea\" aria-invalid=\"false\"><\/textarea><\/span><\/p>\n<p>Tipo (Ver quadro \u00e0 esquerda)<br \/><span class=\"wpcf7-form-control-wrap text-85\"><input type=\"text\" name=\"text-85\" value=\"\" size=\"40\" class=\"wpcf7-form-control wpcf7-text\" aria-invalid=\"false\" \/><\/span><\/p>\n<p>Fabricante do equipamento:<br \/><span class=\"wpcf7-form-control-wrap text-658\"><input type=\"text\" name=\"text-658\" value=\"\" size=\"40\" class=\"wpcf7-form-control wpcf7-text\" aria-invalid=\"false\" \/><\/span><\/p>\n<p>Fabricante do secador:<br \/><span class=\"wpcf7-form-control-wrap text-863\"><input type=\"text\" name=\"text-863\" value=\"\" size=\"40\" class=\"wpcf7-form-control wpcf7-text\" aria-invalid=\"false\" \/><\/span><\/p>\n<p>Modelo e ano de fabrica\u00e7\u00e3o:<br \/><span class=\"wpcf7-form-control-wrap text-487\"><input type=\"text\" name=\"text-487\" value=\"\" size=\"40\" class=\"wpcf7-form-control wpcf7-text\" aria-invalid=\"false\" \/><\/span><\/p>\n<p>Comprimento total da l\u00e2mpada:<br \/><span class=\"wpcf7-form-control-wrap text-691\"><input type=\"text\" name=\"text-691\" value=\"\" size=\"40\" class=\"wpcf7-form-control wpcf7-text\" aria-invalid=\"false\" \/><\/span><\/p>\n<p>Comprimento aquecido:<br \/><span class=\"wpcf7-form-control-wrap text-666\"><input type=\"text\" name=\"text-666\" value=\"\" size=\"40\" class=\"wpcf7-form-control wpcf7-text\" aria-invalid=\"false\" \/><\/span><\/p>\n<p>Tubo duplo: <span class=\"wpcf7-form-control-wrap checkbox-350\"><span class=\"wpcf7-form-control wpcf7-checkbox\"><span class=\"wpcf7-list-item first\"><input type=\"checkbox\" name=\"checkbox-350[]\" value=\"sim\" \/><span class=\"wpcf7-list-item-label\">sim<\/span><\/span><span class=\"wpcf7-list-item last\"><input type=\"checkbox\" name=\"checkbox-350[]\" value=\"n\u00e3o\" \/><span class=\"wpcf7-list-item-label\">n\u00e3o<\/span><\/span><\/span><\/span><\/p>\n<p>Canal 1<br \/><span class=\"wpcf7-form-control-wrap text-112\"><input type=\"text\" name=\"text-112\" value=\"\" size=\"40\" class=\"wpcf7-form-control wpcf7-text\" aria-invalid=\"false\" \/><\/span><\/p>\n<p>Canal 2<br \/><span class=\"wpcf7-form-control-wrap text-772\"><input type=\"text\" name=\"text-772\" value=\"\" size=\"40\" class=\"wpcf7-form-control wpcf7-text\" aria-invalid=\"false\" \/><\/span><\/p>\n<p>Voltagem da l\u00e2mpada:<br \/><span class=\"wpcf7-form-control-wrap text-772\"><input type=\"text\" name=\"text-772\" value=\"\" size=\"40\" class=\"wpcf7-form-control wpcf7-text\" aria-invalid=\"false\" \/><\/span><\/p>\n<p>Pot\u00eancia da l\u00e2mpada:<br \/><span class=\"wpcf7-form-control-wrap text-223\"><input type=\"text\" name=\"text-223\" value=\"\" size=\"40\" class=\"wpcf7-form-control wpcf7-text\" aria-invalid=\"false\" \/><\/span><\/p>\n<p>Tipo e refer\u00eancia da l\u00e2mpada:<br \/><span class=\"wpcf7-form-control-wrap text-350\"><input type=\"text\" name=\"text-350\" value=\"\" size=\"40\" class=\"wpcf7-form-control wpcf7-text\" aria-invalid=\"false\" \/><\/span><\/p>\n<p>\n<input type=\"submit\" value=\"Enviar para LampTech\" class=\"wpcf7-form-control has-spinner wpcf7-submit\" \/><\/p>\n<div class=\"wpcf7-response-output\" aria-hidden=\"true\"><\/div><\/form><\/div>\n<\/div>\n<div style=\"clear: both\"><\/div>\n<p>Se voc\u00ea tem uma luz muito complexo, por favor envie <span class=\"bold\">uma amostra ou figura ou imagem detalhada da luz como fax (+49 5241 702761)<\/span> para LampTech<\/p>\n<\/div>","protected":false},"excerpt":{"rendered":"<p>L\u00e2mpadas Infravermelhas &#8211; Questinario Preencha o question\u00e1rio com todas as informa\u00e7\u00f5es dispon\u00edveis sobre o emissor de infravermelhos e encaminhar o formul\u00e1rio para n\u00f3s em linha reta, para que possamos enviar-lhe uma cita\u00e7\u00e3o sobre a l\u00e2mpada que voc\u00ea precisa corrigir. Se voc\u00ea tem uma luz muito complexo, por favor envie uma amostra ou figura ou imagem [&hellip;]<\/p>\n","protected":false},"author":1,"featured_media":0,"parent":153,"menu_order":1,"comment_status":"open","ping_status":"open","template":"","meta":[],"_links":{"self":[{"href":"https:\/\/www.lamptech.de\/pt-lampadas\/wp-json\/wp\/v2\/pages\/38"}],"collection":[{"href":"https:\/\/www.lamptech.de\/pt-lampadas\/wp-json\/wp\/v2\/pages"}],"about":[{"href":"https:\/\/www.lamptech.de\/pt-lampadas\/wp-json\/wp\/v2\/types\/page"}],"author":[{"embeddable":true,"href":"https:\/\/www.lamptech.de\/pt-lampadas\/wp-json\/wp\/v2\/users\/1"}],"replies":[{"embeddable":true,"href":"https:\/\/www.lamptech.de\/pt-lampadas\/wp-json\/wp\/v2\/comments?post=38"}],"version-history":[{"count":2,"href":"https:\/\/www.lamptech.de\/pt-lampadas\/wp-json\/wp\/v2\/pages\/38\/revisions"}],"predecessor-version":[{"id":165,"href":"https:\/\/www.lamptech.de\/pt-lampadas\/wp-json\/wp\/v2\/pages\/38\/revisions\/165"}],"up":[{"embeddable":true,"href":"https:\/\/www.lamptech.de\/pt-lampadas\/wp-json\/wp\/v2\/pages\/153"}],"wp:attachment":[{"href":"https:\/\/www.lamptech.de\/pt-lampadas\/wp-json\/wp\/v2\/media?parent=38"}],"curies":[{"name":"wp","href":"https:\/\/api.w.org\/{rel}","templated":true}]}}