{"id":32,"date":"2010-05-27T09:44:46","date_gmt":"2010-05-27T09:44:46","guid":{"rendered":"https:\/\/www.lamptech.de\/pt\/?page_id=32"},"modified":"2013-03-06T12:54:33","modified_gmt":"2013-03-06T12:54:33","slug":"termos-e-condicoes","status":"publish","type":"page","link":"https:\/\/www.lamptech.de\/pt-lampadas\/termos-e-condicoes\/","title":{"rendered":"Termos e condi\u00e7\u00f5es"},"content":{"rendered":"<h2>Venda, entrega e condi\u00e7\u00f5es de pagamento<\/h2>\n<p><\/p>\n<p class=\"bold\">1. Oferta e contratos<\/p>\n<p>1. Para as rela\u00e7\u00f5es comerciais entre o comprador eo cliente e n\u00f3s est\u00e1 sujeito \u00e0s condi\u00e7\u00f5es atuais de venda, as condi\u00e7\u00f5es de desvio de compra \u00e9 ilegal. Se disposi\u00e7\u00f5es individuais das Condi\u00e7\u00f5es ser considerada inv\u00e1lida, a validade das restantes inalteradas.<br \/>\n2. Ofertas est\u00e3o sempre sujeitas a mudan\u00e7as, a menos que eles s\u00e3o tempor\u00e1rios. Ilustra\u00e7\u00f5es, desenhos, pesos e dimens\u00f5es, etc do concurso s\u00e3o apenas aproximados, a menos que sejam expressamente designados como obrigat\u00f3ria.<br \/>\n3. S\u00f3 com a nossa confirma\u00e7\u00e3o por escrito do contrato \u00e9 celebrado o contrato, e seu conte\u00fado \u00e9 relevante para o contrato. O fornecedor, no entanto, reserva-se o direito de aceitar ou rejeitar a execu\u00e7\u00e3o de um contrato, onde o custo de execu\u00e7\u00e3o ou outros erros como a escrita e erros de c\u00e1lculo na proposta ou em sua confirma\u00e7\u00e3o s\u00e3o inclu\u00eddos.<br \/>\n4. Situa-se entre a confirma\u00e7\u00e3o da ordem e entrega, um per\u00edodo de mais de 8 semanas, temos o direito de enviar m\u00e1quinas com design e equipamentos mudan\u00e7as.<br \/>\n5. Acordos e garantia de propriedades espec\u00edficas dos produtos sujeitos a confirma\u00e7\u00e3o por escrito do fornecedor<br \/>\n6. A parte da cita\u00e7\u00e3o documentos, tais como ilustra\u00e7\u00f5es, desenhos, dimens\u00f5es, peso e dados de desempenho, informa\u00e7\u00f5es sobre a marca, modelo, ano de constru\u00e7\u00e3o e similares, contendo apenas o valor comercial aproximado, a menos que sejam expressamente indicados como obrigat\u00f3rios. Em tais documentos continuam a ser os fornecedores de propriedade e direitos autorais, terceiros n\u00e3o devem ser disponibilizados e est\u00e3o na demanda ou no caso de o contrato imediatamente devolver<\/p>\n<p class=\"bold\">2. Pre\u00e7os<\/p>\n<p>1. Os pre\u00e7os s\u00e3o, salvo acordo expresso, \u00e0 porta da f\u00e1brica ou do armaz\u00e9m, com excep\u00e7\u00e3o das embalagens e dos seguros.<br \/>\n2. Os pre\u00e7os dos produtos que s\u00e3o entregues o mais tardar oito semanas ap\u00f3s a confirma\u00e7\u00e3o do pedido ser\u00e1 sempre n\u00e3o vinculativa. \u00c9 calculado em tais casos, na data da entrega pre\u00e7o do transporte v\u00e1lido.<\/p>\n<p class=\"bold\">3. Expedi\u00e7\u00e3o &#8211; Inclu\u00eddo<\/p>\n<p>1. Os prazos de entrega s\u00e3o obrigat\u00f3rias a n\u00e3o ser que sejam expressamente designados como obrigat\u00f3rio. Eles correm a partir da data de confirma\u00e7\u00e3o do pedido.<br \/>\n2. Os atrasos na entrega s\u00e3o motivo de for\u00e7a maior, regulamenta\u00e7\u00f5es governamentais, greves, bloqueios, guerra, motim, atraso na entrega das constru\u00e7\u00f5es e das mat\u00e9rias-primas ou por outra forma, o fabricante n\u00e3o pode ser realizada a devida justifica\u00e7\u00e3o respons\u00e1vel n\u00e3o, qualquer pedido de indemniza\u00e7\u00e3o contra o fabricante, e d\u00e1 direito ao comprador para rescindir o contrato. Nesses casos, o prazo de entrega acordados ser\u00e3o prorrogados.<br \/>\n3. O escopo de fornecimento a confirma\u00e7\u00e3o por escrito do fornecedor deve prevalecer. Os acordos e as mudan\u00e7as exigem uma confirma\u00e7\u00e3o por escrito do fornecedor<br \/>\n4. Schutzvorichtungen ser fornecidas \u00e0 medida do que foi acordado<br \/>\n5. Para cada tipo de montagem e fornecimento de engenheiros s\u00e3o as condi\u00e7\u00f5es especiais de montagem, que t\u00eam de ser necess\u00e1rio se eles n\u00e3o est\u00e3o dispon\u00edveis para o cliente<\/p>\n<p class=\"bold\">4. Expedi\u00e7\u00e3o<\/p>\n<p>1. O envio \u00e9 feito \u00e0 custa e risco do comprador. Se a transfer\u00eancia a pedido do comprador para que excedam os prazos de pagamento acordados ou inadequado ou instru\u00e7\u00e3o embarque atrasado est\u00e1 atrasado, deve ser de cada m\u00eas, com in\u00edcio um m\u00eas ap\u00f3s o aviso de prontid\u00e3o, os custos decorrentes do armazenamento &#8211; o armazenamento em f\u00e1brica de abastecimento e pelo menos metade por cento do projeto &#8211; calculado. Temos direito a ter ap\u00f3s o ajuste e depois de um per\u00edodo razo\u00e1vel para dispor dos bens entregues e a entregar ao comprador dentro de um per\u00edodo razoavelmente prolongado.<br \/>\n2. O transporte, armazenagem, seguro e transporte ficam a cargo do comprador<br \/>\n3. Mercadorias entregues, mesmo que tenham defeitos, o comprador, sem preju\u00edzo dos direitos estabelecidos na Se\u00e7\u00e3o 7,<br \/>\n4. S\u00e3o permitidos entregas parciais.<\/p>\n<p class=\"bold\">.5. Transfer\u00eancia de risco<\/p>\n<p>1. O risco deve ser transferido para a expedi\u00e7\u00e3o da mercadoria para o comprador.<br \/>\n2. Se a expedi\u00e7\u00e3o est\u00e1 atrasado devido a circunst\u00e2ncias que n\u00e3o somos respons\u00e1veis, o risco a partir da data de envio para o comprador, no entanto, somos obrigados a levar o pedido e custo do seguro do comprador, as exig\u00eancias do cliente.<\/p>\n<p class=\"bold\">.6. Reclama\u00e7\u00f5es e den\u00fancias<\/p>\n<p>1. Nos casos de transfer\u00eancias incompletas ou incorretas ou reclama\u00e7\u00f5es por defeitos vis\u00edveis devem ser observados dentro de tr\u00eas dias ap\u00f3s a chegada das mercadorias ao destino acordado, por escrito e apresentar provas suficientes.<br \/>\n2. Em caso de atraso na notifica\u00e7\u00e3o de den\u00fancias ou defeitos, a oferta deve ser aprovado. Com anteced\u00eancia, estamos empenhados em assegurar conformidade com a Se\u00e7\u00e3o VII<\/p>\n<p class=\"bold\">7. Garantia por completo. M\u00e1quinas e equipamentos<\/p>\n<p>1. \u00c9 um acordo de garantia, aceitamos apenas em termos de entrega confirmada obras de garantia. A garantia come\u00e7a na data da entrega e continua por seis meses a um m\u00e1ximo de 1000 horas de opera\u00e7\u00e3o. A garantia se estende apenas ao primeiro comprador e termina com a revenda. Danos causados por desgaste normal e manuseio inadequado s\u00e3o exclu\u00eddos da garantia. Para as pe\u00e7as, n\u00e3o a entrega do nosso trabalho at\u00e9 ser produzido, a garantia disposi\u00e7\u00f5es destes fornecedores para entrar em vigor.<br \/>\n2. A garantia n\u00e3o se verifica se houve sem o nosso consentimento pr\u00e9vio do comprador ou interven\u00e7\u00f5es de terceiros feitas para o item comprado.<br \/>\n3. Nossa garantia cobre n\u00e3o cobre danos de sobrecarga, outros abusos, neglig\u00eancia nos cuidados e manuten\u00e7\u00e3o, influ\u00eancia de fatores clim\u00e1ticos, acidentes ou &#8220;Lei de Deus&#8221; s\u00e3o devidos.<br \/>\n4. Exig\u00eancia de substitui\u00e7\u00e3o ou repara\u00e7\u00e3o, \u00e9 que todas as falhas para n\u00f3s dentro de 14 dias, com provas suficientes (fotografias, croquis, descri\u00e7\u00e3o dos danos, etc) foram informados de que as pe\u00e7as velhas (para n\u00f3s) cobrar para n\u00f3s ou para o local espec\u00edfico ser\u00e1 enviado a partir de n\u00f3s e n\u00f3s a garantia pode ser aceite como justificados.<br \/>\n5. A partir do resultado de custos de repara\u00e7\u00e3o ou de substitui\u00e7\u00e3o, que tomamos, a menos que o pedido de garantia \u00e9 encontrado para ser justificadas e aprovadas, o custo de substitui\u00e7\u00e3o, incluindo o custo do transporte normal, e os custos de remo\u00e7\u00e3o e instala\u00e7\u00e3o.<br \/>\n6. Para pe\u00e7as de reposi\u00e7\u00e3o \u00e9 garantido por 6 meses. Para reparos e pe\u00e7as de reposi\u00e7\u00e3o, n\u00f3s fornecemos um per\u00edodo de garantia de seis semanas a partir da data de entrega. Se uma garantia sobre as pe\u00e7as reconhecidas pela f\u00e1brica, assumimos os custos de substitui\u00e7\u00e3o ou repara\u00e7\u00e3o, incluindo custos de envio. A fim de preservar a garantia, v\u00e1lida em segundo condi\u00e7\u00f5es de funcionamento an\u00e1logo.<br \/>\n7. Outras reclama\u00e7\u00f5es, especialmente sobre o uso de qualquer pessoa por danos que n\u00e3o s\u00e3o os bens entregues em si, n\u00e3o s\u00e3o reconhecidos por n\u00f3s.<br \/>\n8. Facturas de pe\u00e7as, no quinto descritos, s\u00e3o devidos nas contas dentro do prazo especificado. casos de garantia flutuante n\u00e3o justificam a greve de pagamento ou redu\u00e7\u00f5es no pagamento<br \/>\n9. Acordos verbais s\u00e3o v\u00e1lidas somente se primeiro as declara\u00e7\u00f5es-8. n\u00e3o estar em contradi\u00e7\u00e3o.<\/p>\n<p class=\"bold\">8. Reten\u00e7\u00e3o de t\u00edtulo<\/p>\n<p>1. At\u00e9 o pagamento integral de todos os cr\u00e9ditos presentes e futuros decorrentes da rela\u00e7\u00e3o de neg\u00f3cio, n\u00f3s nos reservamos o direito de os itens de entrega.<br \/>\n2. Contanto que mantenham a propriedade dos itens de entrega s\u00e3o de revenda somente no pr\u00f3prio neg\u00f3cio admiss\u00edvel de mora apenas com o nosso consentimento. O comprador vende a ele ou em seu nome por n\u00f3s diretamente com os produtos fornecidos por terceiros ou em nome de n\u00f3s diretamente aos bens de terceiros ou constr\u00f3i-los, para que ele atribui at\u00e9 o reembolso integral de nossos d\u00e9bitos a ele da venda ou instala\u00e7\u00e3o em cr\u00e9ditos decorrentes de seus clientes e clientes para n\u00f3s.<br \/>\n3. Se o valor para n\u00f3s, de acordo com o No. 1 e No. 2 t\u00edtulos existentes ultrapassa as nossas reivindica\u00e7\u00f5es por mais de 20%, estamos a pedido do comprador, ap\u00f3s a inspec\u00e7\u00e3o.<br \/>\n4. O comprador deve fornecer os bens ou a transfer\u00eancia da seguran\u00e7a. Ele nos deu por terceiros sobre o t\u00edtulo retidos para os produtos ou os cr\u00e9ditos atribu\u00eddos notificados por carta registada. O comprador \u00e9 respons\u00e1vel pelos custos de uma ac\u00e7\u00e3o de interven\u00e7\u00e3o.<br \/>\n5. O comprador tem a mercadoria entregue no prazo do contrato at\u00e9 o pagamento integral de todos os cr\u00e9ditos decorrentes da rela\u00e7\u00e3o de neg\u00f3cio existentes contra inc\u00eandio, roubo, danos causados pela \u00e1gua, e quebrado (seguro de danos pr\u00f3prios) e que nos entregar a ap\u00f3lice de seguro. As reivindica\u00e7\u00f5es do dinheiro do seguro ser\u00e3o transferidos com o contrato durante o per\u00edodo mencionado para n\u00f3s. O fornecedor tem o direito de invocar o seguro por conta pr\u00f3pria, a expensas do cliente, para fazer avan\u00e7ar os pr\u00e9mios e prev\u00eaem a cobran\u00e7a das taxas de conta suspensa. Despesas, seguros, etc devem ser considerados como parte do pre\u00e7o de compra. Os benef\u00edcios de seguro devem ser utilizados em extens\u00e3o total para a reabilita\u00e7\u00e3o das unidades adquiridas. No caso de pagamentos de perda total de seguro para a erradica\u00e7\u00e3o das alega\u00e7\u00f5es do fornecedor s\u00e3o usados, o excesso pertencer\u00e1 ao comprador. O cliente tem o dever de manter durante o per\u00edodo de reten\u00e7\u00e3o de t\u00edtulo para os bens entregues em boas condi\u00e7\u00f5es e que o fornecedor ou o seu representante em qualquer momento que a entrada na montagem \/ ou determinar o local para permitir isso.<\/p>\n<p class=\"bold\">9. Pagamento<\/p>\n<p>1. Se n\u00e3o houver condi\u00e7\u00f5es de pagamento que tenham sido acordadas outras, o pagamento \u00e9 em dinheiro l\u00edquido a ser feita imediatamente ap\u00f3s a entrega e recep\u00e7\u00e3o da factura. Para os pagamentos que est\u00e3o na cole\u00e7\u00e3o, atrav\u00e9s de uma ferida a ser determinado por n\u00f3s banco, se aplica em rela\u00e7\u00e3o ao pagamento datas fixadas no contrato de cobran\u00e7a de d\u00edvidas condi\u00e7\u00f5es de pagamento especiais. No caso de ultrapassar o prazo de pagamento, sem a necessidade de um aviso expl\u00edcito, manifestou interesse em o montante dos juros banc\u00e1rios para nos empr\u00e9stimos banc\u00e1rios n\u00e3o utilizados.<br \/>\n2. Se, antes ou ap\u00f3s o envio da entrega depreciativos sobre a solv\u00eancia do destinat\u00e1rio \u00e9 conhecido, temos o direito de exigir garantias suficientes ou, se tais pedidos n\u00e3o forem atendidos, rescindir o contrato.<br \/>\n3. Contra nossas reivindica\u00e7\u00f5es s\u00f3 podem ser deduzidos do comprador ou de um pedido reconvencional, se a garantia \u00e9 indiscut\u00edvel por parte do comprador ou um t\u00edtulo final.<br \/>\n4. Se, no caso de uma opera\u00e7\u00e3o de presta\u00e7\u00e3o de um cliente com duas parcelas consecutivas, ou contas ou cheques, em todo ou em parte, no padr\u00e3o e soma, com o pagamento de que ele est\u00e1 no padr\u00e3o, pelo menos, um d\u00e9cimo do pre\u00e7o de compra da mercadoria, o pre\u00e7o total de compra restantes vencimento. O fornecedor tem o direito de retirar, na aus\u00eancia de uma taxa j\u00e1 diferido ou a desonra de um projeto ou verificar o contrato. Em caso de rescis\u00e3o do contrato devido a falha for expressamente convencionado que as contas e verifica a execu\u00e7\u00e3o dos pedidos de indemniza\u00e7\u00e3o ou outros cr\u00e9ditos para compensa\u00e7\u00e3o pode ser recuperado. Al\u00e9m disso, a taxa de utiliza\u00e7\u00e3o e, eventualmente, uma substitui\u00e7\u00e3o de indemniza\u00e7\u00e3o a ser paga pelo comprador ao fornecedor, vinculam tamb\u00e9m pelo fornecedor \u00e9 uma estimativa, iniciando encontrou a ser determinado pela estimativa do corpo. A utiliza\u00e7\u00e3o de compensa\u00e7\u00e3o e danos para o uso neste caso \u00e9 calculado como a diferen\u00e7a entre as vendas eo pre\u00e7o estimado.<br \/>\n5. Letras de c\u00e2mbio, nos reservamos o direito, que pressup\u00f5e rediscountable no Banco do Estado central. Exchange s\u00f3 s\u00e3o aceites para pagamento e s\u00f3 descontou. As despesas s\u00e3o por conta do comprador. Em protesto, rejei\u00e7\u00e3o ou do redesconto temos o direito de todos n\u00f3s de volta do comprador contas e passou a exigir o pagamento imediato em dinheiro.<br \/>\n6. Reservamo-nos o direito de compensar todos os pagamentos recebidos do comprador da nossa escolha, devido a reclama\u00e7\u00f5es decorrentes entre n\u00f3s eo comprador para o neg\u00f3cio existentes, independentemente do pagamento do comprador efeitos pretendidos.<br \/>\n7. Se o cliente n\u00e3o \u00e9 o seu passivo para o fornecedor e faz a manuten\u00e7\u00e3o dos cr\u00e9ditos do t\u00edtulo, pode-se argumentar, em qualquer caso, que as mercadorias devem servir para manter o com\u00e9rcio.<br \/>\n8 Em caso de cancelamento do contrato 15% do valor faturado ser\u00e1 paga uma dist\u00e2ncia, sem motivo que o fornecedor comprovar o dano real necessidade.<\/p>\n<p class=\"bold\">10. Cess\u00e3o<\/p>\n<p>1. Reservamo-nos o direito de ceder a totalidade ou a quaisquer reclama\u00e7\u00f5es ao abrigo do presente contrato, sem a autoriza\u00e7\u00e3o do comprador para terceiros<\/p>\n<p class=\"bold\">11. Jurisdi\u00e7\u00e3o<\/p>\n<p>1. Compet\u00eancia para todos os lit\u00edgios decorrentes do contrato \u00e9 a nossa escolha de nossa empresa, ou na sede do comprador.<\/p>\n<p><a href=\"#page2\"><img style=\"margin-left: 320px;margin-top: 20px;border: 0;text-decoration: none\" src=\"https:\/\/www.lamptech.de\/wp-content\/uploads\/2012\/03\/arrow_up_36.jpg\" alt=\"nach oben\" width=\"24\" \/><\/a><\/p>","protected":false},"excerpt":{"rendered":"<p>Venda, entrega e condi\u00e7\u00f5es de pagamento 1. Oferta e contratos 1. Para as rela\u00e7\u00f5es comerciais entre o comprador eo cliente e n\u00f3s est\u00e1 sujeito \u00e0s condi\u00e7\u00f5es atuais de venda, as condi\u00e7\u00f5es de desvio de compra \u00e9 ilegal. Se disposi\u00e7\u00f5es individuais das Condi\u00e7\u00f5es ser considerada inv\u00e1lida, a validade das restantes inalteradas. 2. Ofertas est\u00e3o sempre sujeitas [&hellip;]<\/p>\n","protected":false},"author":1,"featured_media":0,"parent":0,"menu_order":5,"comment_status":"open","ping_status":"open","template":"","meta":[],"_links":{"self":[{"href":"https:\/\/www.lamptech.de\/pt-lampadas\/wp-json\/wp\/v2\/pages\/32"}],"collection":[{"href":"https:\/\/www.lamptech.de\/pt-lampadas\/wp-json\/wp\/v2\/pages"}],"about":[{"href":"https:\/\/www.lamptech.de\/pt-lampadas\/wp-json\/wp\/v2\/types\/page"}],"author":[{"embeddable":true,"href":"https:\/\/www.lamptech.de\/pt-lampadas\/wp-json\/wp\/v2\/users\/1"}],"replies":[{"embeddable":true,"href":"https:\/\/www.lamptech.de\/pt-lampadas\/wp-json\/wp\/v2\/comments?post=32"}],"version-history":[{"count":1,"href":"https:\/\/www.lamptech.de\/pt-lampadas\/wp-json\/wp\/v2\/pages\/32\/revisions"}],"predecessor-version":[{"id":169,"href":"https:\/\/www.lamptech.de\/pt-lampadas\/wp-json\/wp\/v2\/pages\/32\/revisions\/169"}],"wp:attachment":[{"href":"https:\/\/www.lamptech.de\/pt-lampadas\/wp-json\/wp\/v2\/media?parent=32"}],"curies":[{"name":"wp","href":"https:\/\/api.w.org\/{rel}","templated":true}]}}