{"id":153,"date":"2010-05-26T14:45:17","date_gmt":"2010-05-26T14:45:17","guid":{"rendered":"https:\/\/www.lamptech.de\/pt\/?page_id=3"},"modified":"2013-03-06T12:52:30","modified_gmt":"2013-03-06T12:52:30","slug":"ir-strahler","status":"publish","type":"page","link":"https:\/\/www.lamptech.de\/pt-lampadas\/","title":{"rendered":"L\u00e2mpadas Infravermelhas"},"content":{"rendered":"<h2>L\u00e2mpadas Infravermelhas<\/h2>\n<p><img loading=\"lazy\" style=\"float: left;margin-right: 0\" src=\"https:\/\/www.lamptech.de\/wp-content\/uploads\/2012\/03\/ir-spektrale_pt.jpg\" alt=\"ir-spektrale\" width=\"440\" height=\"273\" \/><br \/>\n<img loading=\"lazy\" style=\"float: right;margin-left: 20px\" src=\"https:\/\/www.lamptech.de\/wp-content\/uploads\/2012\/03\/ir_rechts_trans_1.png\" alt=\"Infrarotstrahler\" width=\"220\" height=\"420\" \/><\/p>\n<div style=\"clear: left\"><\/div>\n<p class=\"bold\">A LampTech produz l\u00e2mpadas infravermelhas de tubo simples e duplo para equipamentos do tipo Heidelberg, Roland, KBA, Komori, Akyama, Mitsubishi, Sakurai, entre outros<\/p>\n<p class=\"bold\">N\u00f3s temos l\u00e2mpadas para serem utilizadas nos secadores dos tipos Eltosch, Grafix, Piller, Herberts, Jac De Vries, etc.<\/p>\n<p>Agora, especialmente para a DUPA, podemos suprir toda a gama de l\u00e2mpadas de reposi\u00e7\u00e3o para equipamentos Heidelberg, inclusive Piller. Apresentamos tamb\u00e9m nossa inovativa linha de l\u00e2mpadas de ondas m\u00e9dias r\u00e1pidas.<\/p>\n<p><img style=\"float: left;margin: 20px 20px 0 0\" src=\"https:\/\/www.lamptech.de\/wp-content\/uploads\/2012\/03\/ir-unten.jpg\" alt=\"infrarotlampen\" width=\"200\" \/><\/p>\n<p style=\"margin-top: 20px\">N\u00f3s damos uma garantia de <span class=\"bold\">5.000 horas<\/span> para as l\u00e2mpadas de ondas curtas e de ondas m\u00e9dias r\u00e1pidas. N\u00f3s damos uma garantia de <span class=\"bold\">20.000 horas<\/span> para as l\u00e2mpadas de ondas m\u00e9dias.<\/p>\n<p>Para uma <span class=\"bold\">correta cota\u00e7\u00e3o e identifica\u00e7\u00e3o<\/span>de Sua l\u00e2mpada infravermelha, clique sobre &#8220;<a href=\"?page_id=38\"><span class=\"bold\">Question\u00e1rio<\/span><\/a>&#8220;, para enviar os detalhes t\u00e9cnicos para a LampTech.<\/p>","protected":false},"excerpt":{"rendered":"<p>L\u00e2mpadas Infravermelhas A LampTech produz l\u00e2mpadas infravermelhas de tubo simples e duplo para equipamentos do tipo Heidelberg, Roland, KBA, Komori, Akyama, Mitsubishi, Sakurai, entre outros N\u00f3s temos l\u00e2mpadas para serem utilizadas nos secadores dos tipos Eltosch, Grafix, Piller, Herberts, Jac De Vries, etc. Agora, especialmente para a DUPA, podemos suprir toda a gama de l\u00e2mpadas [&hellip;]<\/p>\n","protected":false},"author":1,"featured_media":0,"parent":0,"menu_order":1,"comment_status":"open","ping_status":"open","template":"","meta":[],"_links":{"self":[{"href":"https:\/\/www.lamptech.de\/pt-lampadas\/wp-json\/wp\/v2\/pages\/153"}],"collection":[{"href":"https:\/\/www.lamptech.de\/pt-lampadas\/wp-json\/wp\/v2\/pages"}],"about":[{"href":"https:\/\/www.lamptech.de\/pt-lampadas\/wp-json\/wp\/v2\/types\/page"}],"author":[{"embeddable":true,"href":"https:\/\/www.lamptech.de\/pt-lampadas\/wp-json\/wp\/v2\/users\/1"}],"replies":[{"embeddable":true,"href":"https:\/\/www.lamptech.de\/pt-lampadas\/wp-json\/wp\/v2\/comments?post=153"}],"version-history":[{"count":1,"href":"https:\/\/www.lamptech.de\/pt-lampadas\/wp-json\/wp\/v2\/pages\/153\/revisions"}],"predecessor-version":[{"id":164,"href":"https:\/\/www.lamptech.de\/pt-lampadas\/wp-json\/wp\/v2\/pages\/153\/revisions\/164"}],"wp:attachment":[{"href":"https:\/\/www.lamptech.de\/pt-lampadas\/wp-json\/wp\/v2\/media?parent=153"}],"curies":[{"name":"wp","href":"https:\/\/api.w.org\/{rel}","templated":true}]}}