{"id":10,"date":"2010-05-27T08:37:36","date_gmt":"2010-05-27T08:37:36","guid":{"rendered":"https:\/\/www.lamptech.de\/pt\/?page_id=10"},"modified":"2013-03-06T12:53:11","modified_gmt":"2013-03-06T12:53:11","slug":"lampadas-ultravioletas","status":"publish","type":"page","link":"https:\/\/www.lamptech.de\/pt-lampadas\/lampadas-ultravioletas\/","title":{"rendered":"L\u00e2mpadas Ultravioletas"},"content":{"rendered":"<h2>Lampadas Ultravioletas<\/h2>\n<p><img style=\"float: left;margin-right: 0\" src=\"https:\/\/www.lamptech.de\/wp-content\/uploads\/2012\/03\/uv-spektrum.gif\" alt=\"UV-Spektrum\" width=\"440\" \/><br \/>\n<img loading=\"lazy\" style=\"float: right;margin-left: 20px\" src=\"https:\/\/www.lamptech.de\/wp-content\/uploads\/2012\/03\/uv_rechts_trans_1.png\" alt=\"UV-Strahler\" width=\"220\" height=\"420\" \/><\/p>\n<div style=\"clear: left\"><\/div>\n<p class=\"bold\">A LampTech produz e distribui uma ampla variedade de l\u00e2mpadas ultravioletas para as mais diversas aplica\u00e7\u00f5es como: impress\u00e3o em offset, serigrafia, flexografia, impress\u00e3o de livros, heliografia\u2026<br \/>\nAs aplica\u00e7\u00f5es s\u00e3o, entre outras, sobre papel, papel\u00e3o, cart\u00e3o, vidro, pl\u00e1sticos, metais, madeiras, CD\u00b4s etc.<\/p>\n<p>Adicionalmente existem ainda aplica\u00e7\u00f5es para o ultravioleta na ind\u00fastria de componentes eletr\u00f4nicos, placas, esteriliza\u00e7\u00e3o de ar e \u00e1gua assim como em diversas aplica\u00e7\u00f5es de colagem por UV.<\/p>\n<p>N\u00f3s podemos dotar as nossas l\u00e2mpadas com merc\u00fario, g\u00e1lio, \u00edndium, ferro, chumbo e combina\u00e7\u00f5es, dependendo da aplica\u00e7\u00e3o.<\/p>\n<p><img style=\"float: left;margin: 20px 20px 0 0\" src=\"https:\/\/www.lamptech.de\/wp-content\/uploads\/2012\/03\/uv-strahler_neu.jpg\" alt=\"\" width=\"200\" \/><\/p>\n<p style=\"margin-top: 20px\">N\u00f3s damos uma garantia de <span class=\"bold\">1.500 horas<\/span> para as nossas l\u00e2mpadas ultravioletas.<\/span><\/p>\n<p>Para uma  <span class=\"bold\">correta cota\u00e7\u00e3o e identifica\u00e7\u00e3o<\/span> de Sua l\u00e2mpada ultravioleta, clique sobre &#8220;<a href=\"?page_id=62\"><span class=\"bold\">Question\u00e1rio<\/span><\/a>&#8220;,para enviar os detalhes t\u00e9cnicos para a LampTech.<\/p>","protected":false},"excerpt":{"rendered":"<p>Lampadas Ultravioletas A LampTech produz e distribui uma ampla variedade de l\u00e2mpadas ultravioletas para as mais diversas aplica\u00e7\u00f5es como: impress\u00e3o em offset, serigrafia, flexografia, impress\u00e3o de livros, heliografia\u2026 As aplica\u00e7\u00f5es s\u00e3o, entre outras, sobre papel, papel\u00e3o, cart\u00e3o, vidro, pl\u00e1sticos, metais, madeiras, CD\u00b4s etc. Adicionalmente existem ainda aplica\u00e7\u00f5es para o ultravioleta na ind\u00fastria de componentes eletr\u00f4nicos, [&hellip;]<\/p>\n","protected":false},"author":1,"featured_media":0,"parent":0,"menu_order":2,"comment_status":"open","ping_status":"open","template":"","meta":[],"_links":{"self":[{"href":"https:\/\/www.lamptech.de\/pt-lampadas\/wp-json\/wp\/v2\/pages\/10"}],"collection":[{"href":"https:\/\/www.lamptech.de\/pt-lampadas\/wp-json\/wp\/v2\/pages"}],"about":[{"href":"https:\/\/www.lamptech.de\/pt-lampadas\/wp-json\/wp\/v2\/types\/page"}],"author":[{"embeddable":true,"href":"https:\/\/www.lamptech.de\/pt-lampadas\/wp-json\/wp\/v2\/users\/1"}],"replies":[{"embeddable":true,"href":"https:\/\/www.lamptech.de\/pt-lampadas\/wp-json\/wp\/v2\/comments?post=10"}],"version-history":[{"count":1,"href":"https:\/\/www.lamptech.de\/pt-lampadas\/wp-json\/wp\/v2\/pages\/10\/revisions"}],"predecessor-version":[{"id":166,"href":"https:\/\/www.lamptech.de\/pt-lampadas\/wp-json\/wp\/v2\/pages\/10\/revisions\/166"}],"wp:attachment":[{"href":"https:\/\/www.lamptech.de\/pt-lampadas\/wp-json\/wp\/v2\/media?parent=10"}],"curies":[{"name":"wp","href":"https:\/\/api.w.org\/{rel}","templated":true}]}}