{"id":38,"date":"2010-05-27T11:23:32","date_gmt":"2010-05-27T11:23:32","guid":{"rendered":"https:\/\/www.lamptech.de\/fr\/?page_id=38"},"modified":"2013-03-06T12:47:24","modified_gmt":"2013-03-06T12:47:24","slug":"ir-questionnaire","status":"publish","type":"page","link":"https:\/\/www.lamptech.de\/fr-emetteurs-lampes\/ir-strahler\/ir-questionnaire\/","title":{"rendered":"IR-Questionnaire"},"content":{"rendered":"<h2>Questionnaire \u00c9mitteurs Infra-Rouge<\/h2>\n<div style=\"float: left;width: 100%\">\n<div style=\"float: left;width: 35%\">\n<p style=\"margin-top: 25px;font-weight: bold\">S&#8217;il vous pla\u00eet remplir le questionnaire avec toutes les informations disponibles sur votre \u00e9metteur infrarouge et envoyer le formulaire directement \u00e0 nous, afin que nous puissions vous envoyer un devis correct autour de la lampe dont vous avez besoin.<\/p>\n<p><img style=\"margin-right: 0px;margin-top: 370px\" src=\"https:\/\/www.lamptech.de\/wp-content\/uploads\/2012\/03\/roehren_trans.png\" alt=\"Roehren\" width=\"250\" \/><\/p>\n<\/div>\n<div style=\"float: left;width: 60%;margin: 20px 0 0 20px\">\n<div role=\"form\" class=\"wpcf7\" id=\"wpcf7-f167-o1\" dir=\"ltr\">\n<div class=\"screen-reader-response\"><p role=\"status\" aria-live=\"polite\" aria-atomic=\"true\"><\/p> <ul><\/ul><\/div>\n<form action=\"\/fr-emetteurs-lampes\/wp-json\/wp\/v2\/pages\/38#wpcf7-f167-o1\" method=\"post\" class=\"wpcf7-form init\" novalidate=\"novalidate\" data-status=\"init\">\n<div style=\"display: none;\">\n<input type=\"hidden\" name=\"_wpcf7\" value=\"167\" \/>\n<input type=\"hidden\" name=\"_wpcf7_version\" value=\"5.5.6\" \/>\n<input type=\"hidden\" name=\"_wpcf7_locale\" value=\"\" \/>\n<input type=\"hidden\" name=\"_wpcf7_unit_tag\" value=\"wpcf7-f167-o1\" \/>\n<input type=\"hidden\" name=\"_wpcf7_container_post\" value=\"0\" \/>\n<input type=\"hidden\" name=\"_wpcf7_posted_data_hash\" value=\"\" \/>\n<\/div>\n<p class=\"bold\">Client:<br \/><span class=\"wpcf7-form-control-wrap your-name\"><input type=\"text\" name=\"your-name\" value=\"\" size=\"40\" class=\"wpcf7-form-control wpcf7-text wpcf7-validates-as-required\" aria-required=\"true\" aria-invalid=\"false\" \/><\/span><\/p>\n<p class=\"bold\">E-Mail<br \/><span class=\"wpcf7-form-control-wrap your-email\"><input type=\"email\" name=\"your-email\" value=\"\" size=\"40\" class=\"wpcf7-form-control wpcf7-text wpcf7-email wpcf7-validates-as-required wpcf7-validates-as-email\" aria-required=\"true\" aria-invalid=\"false\" \/><\/span><\/p>\n<p>Personne a contacter:<br \/><span class=\"wpcf7-form-control-wrap text-617\"><input type=\"text\" name=\"text-617\" value=\"\" size=\"40\" class=\"wpcf7-form-control wpcf7-text\" aria-invalid=\"false\" \/><\/span><\/p>\n<p>Adresse: <br \/><span class=\"wpcf7-form-control-wrap text-629\"><input type=\"text\" name=\"text-629\" value=\"\" size=\"40\" class=\"wpcf7-form-control wpcf7-text\" aria-invalid=\"false\" \/><\/span><\/p>\n<p>Code Postal:<br \/><span class=\"wpcf7-form-control-wrap text-40\"><input type=\"text\" name=\"text-40\" value=\"\" size=\"40\" class=\"wpcf7-form-control wpcf7-text\" aria-invalid=\"false\" \/><\/span><\/p>\n<p>Lieu:<br \/><span class=\"wpcf7-form-control-wrap text-78\"><input type=\"text\" name=\"text-78\" value=\"\" size=\"40\" class=\"wpcf7-form-control wpcf7-text\" aria-invalid=\"false\" \/><\/span><\/p>\n<p>Telefon<br \/><span class=\"wpcf7-form-control-wrap text-216\"><input type=\"text\" name=\"text-216\" value=\"\" size=\"40\" class=\"wpcf7-form-control wpcf7-text\" aria-invalid=\"false\" \/><\/span><\/p>\n<p>Telefax<br \/><span class=\"wpcf7-form-control-wrap text-421\"><input type=\"text\" name=\"text-421\" value=\"\" size=\"40\" class=\"wpcf7-form-control wpcf7-text\" aria-invalid=\"false\" \/><\/span><\/p>\n<p class=\"bold\">Information de l\u00b4\u00c9metteur IR:<br \/><span class=\"wpcf7-form-control-wrap textarea-83\"><textarea name=\"textarea-83\" cols=\"40\" rows=\"10\" class=\"wpcf7-form-control wpcf7-textarea\" aria-invalid=\"false\"><\/textarea><\/span><\/p>\n<p>Type construction (voir \u00e0 gauche)<br \/><span class=\"wpcf7-form-control-wrap text-85\"><input type=\"text\" name=\"text-85\" value=\"\" size=\"40\" class=\"wpcf7-form-control wpcf7-text\" aria-invalid=\"false\" \/><\/span><\/p>\n<p>Fabricant de machine:<br \/><span class=\"wpcf7-form-control-wrap text-658\"><input type=\"text\" name=\"text-658\" value=\"\" size=\"40\" class=\"wpcf7-form-control wpcf7-text\" aria-invalid=\"false\" \/><\/span><\/p>\n<p>Fabricant du secheur:<br \/><span class=\"wpcf7-form-control-wrap text-863\"><input type=\"text\" name=\"text-863\" value=\"\" size=\"40\" class=\"wpcf7-form-control wpcf7-text\" aria-invalid=\"false\" \/><\/span><\/p>\n<p>Modele et ann\u00e9e:<br \/><span class=\"wpcf7-form-control-wrap text-487\"><input type=\"text\" name=\"text-487\" value=\"\" size=\"40\" class=\"wpcf7-form-control wpcf7-text\" aria-invalid=\"false\" \/><\/span><\/p>\n<p>longueur totale de l\u00b4\u00c9metteur:<br \/><span class=\"wpcf7-form-control-wrap text-691\"><input type=\"text\" name=\"text-691\" value=\"\" size=\"40\" class=\"wpcf7-form-control wpcf7-text\" aria-invalid=\"false\" \/><\/span><\/p>\n<p>longueur utile:<br \/><span class=\"wpcf7-form-control-wrap text-666\"><input type=\"text\" name=\"text-666\" value=\"\" size=\"40\" class=\"wpcf7-form-control wpcf7-text\" aria-invalid=\"false\" \/><\/span><\/p>\n<p>tube jumel\u00e9e: <span class=\"wpcf7-form-control-wrap checkbox-350\"><span class=\"wpcf7-form-control wpcf7-checkbox\"><span class=\"wpcf7-list-item first\"><input type=\"checkbox\" name=\"checkbox-350[]\" value=\"oui\" \/><span class=\"wpcf7-list-item-label\">oui<\/span><\/span><span class=\"wpcf7-list-item last\"><input type=\"checkbox\" name=\"checkbox-350[]\" value=\"non\" \/><span class=\"wpcf7-list-item-label\">non<\/span><\/span><\/span><\/span><\/p>\n<p>canal 1<br \/><span class=\"wpcf7-form-control-wrap text-112\"><input type=\"text\" name=\"text-112\" value=\"\" size=\"40\" class=\"wpcf7-form-control wpcf7-text\" aria-invalid=\"false\" \/><\/span><\/p>\n<p>canal 2<br \/><span class=\"wpcf7-form-control-wrap text-772\"><input type=\"text\" name=\"text-772\" value=\"\" size=\"40\" class=\"wpcf7-form-control wpcf7-text\" aria-invalid=\"false\" \/><\/span><\/p>\n<p>Voltage:<br \/><span class=\"wpcf7-form-control-wrap text-772\"><input type=\"text\" name=\"text-772\" value=\"\" size=\"40\" class=\"wpcf7-form-control wpcf7-text\" aria-invalid=\"false\" \/><\/span><\/p>\n<p>Puissance:<br \/><span class=\"wpcf7-form-control-wrap text-223\"><input type=\"text\" name=\"text-223\" value=\"\" size=\"40\" class=\"wpcf7-form-control wpcf7-text\" aria-invalid=\"false\" \/><\/span><\/p>\n<p>R\u00e9ference de l\u00b4\u00c9metteur:<br \/><span class=\"wpcf7-form-control-wrap text-350\"><input type=\"text\" name=\"text-350\" value=\"\" size=\"40\" class=\"wpcf7-form-control wpcf7-text\" aria-invalid=\"false\" \/><\/span><\/p>\n<p>\n<input type=\"submit\" value=\"Envoyer \u00e0 LampTech\" class=\"wpcf7-form-control has-spinner wpcf7-submit\" \/><\/p>\n<div class=\"wpcf7-response-output\" aria-hidden=\"true\"><\/div><\/form><\/div>\n<\/div>\n<div style=\"clear: both\"><\/div>\n<p>Si vous avez une lampe tr\u00e8s complexe, s&#8217;il vous pla\u00eet <span class=\"bold\">envoyez un \u00e9chantillon ou une photo d\u00e9taill\u00e9e ou une figure de la lampe de fax (+49 5241 702761)<\/span> \u00e0 LampTech.<\/p>\n<\/div>","protected":false},"excerpt":{"rendered":"<p>Questionnaire \u00c9mitteurs Infra-Rouge S&#8217;il vous pla\u00eet remplir le questionnaire avec toutes les informations disponibles sur votre \u00e9metteur infrarouge et envoyer le formulaire directement \u00e0 nous, afin que nous puissions vous envoyer un devis correct autour de la lampe dont vous avez besoin. Si vous avez une lampe tr\u00e8s complexe, s&#8217;il vous pla\u00eet envoyez un \u00e9chantillon [&hellip;]<\/p>\n","protected":false},"author":1,"featured_media":0,"parent":162,"menu_order":1,"comment_status":"open","ping_status":"open","template":"","meta":[],"_links":{"self":[{"href":"https:\/\/www.lamptech.de\/fr-emetteurs-lampes\/wp-json\/wp\/v2\/pages\/38"}],"collection":[{"href":"https:\/\/www.lamptech.de\/fr-emetteurs-lampes\/wp-json\/wp\/v2\/pages"}],"about":[{"href":"https:\/\/www.lamptech.de\/fr-emetteurs-lampes\/wp-json\/wp\/v2\/types\/page"}],"author":[{"embeddable":true,"href":"https:\/\/www.lamptech.de\/fr-emetteurs-lampes\/wp-json\/wp\/v2\/users\/1"}],"replies":[{"embeddable":true,"href":"https:\/\/www.lamptech.de\/fr-emetteurs-lampes\/wp-json\/wp\/v2\/comments?post=38"}],"version-history":[{"count":2,"href":"https:\/\/www.lamptech.de\/fr-emetteurs-lampes\/wp-json\/wp\/v2\/pages\/38\/revisions"}],"predecessor-version":[{"id":175,"href":"https:\/\/www.lamptech.de\/fr-emetteurs-lampes\/wp-json\/wp\/v2\/pages\/38\/revisions\/175"}],"up":[{"embeddable":true,"href":"https:\/\/www.lamptech.de\/fr-emetteurs-lampes\/wp-json\/wp\/v2\/pages\/162"}],"wp:attachment":[{"href":"https:\/\/www.lamptech.de\/fr-emetteurs-lampes\/wp-json\/wp\/v2\/media?parent=38"}],"curies":[{"name":"wp","href":"https:\/\/api.w.org\/{rel}","templated":true}]}}