{"id":162,"date":"2010-05-26T14:45:17","date_gmt":"2010-05-26T14:45:17","guid":{"rendered":"https:\/\/www.lamptech.de\/fr\/?page_id=3"},"modified":"2013-03-06T12:47:00","modified_gmt":"2013-03-06T12:47:00","slug":"ir-strahler","status":"publish","type":"page","link":"https:\/\/www.lamptech.de\/fr-emetteurs-lampes\/","title":{"rendered":"\u00c9metteurs IR"},"content":{"rendered":"<h2>\u00c9metteurs Infrarouge<\/h2>\n<p><img loading=\"lazy\" style=\"float: left;margin-right: 0\" src=\"https:\/\/www.lamptech.de\/wp-content\/uploads\/2012\/03\/ir-spektrale_fr.jpg\" alt=\"ir-spektrale\" width=\"440\" height=\"273\" \/><br \/>\n<img loading=\"lazy\" style=\"float: right;margin-left: 20px\" src=\"https:\/\/www.lamptech.de\/wp-content\/uploads\/2012\/03\/ir_rechts_trans_1.png\" alt=\"Infrarotstrahler\" width=\"220\" height=\"420\" \/><\/p>\n<div style=\"clear: left\"><\/div>\n<p class=\"bold\">LampTech produit des \u00e9metteurs IR en tube simple ainsi que en tube jumel\u00e9e pour machines comme Heidelberg, Roland, KBA, Komori, Akyama, Mitsubishi, Sakurai&#8230;<\/p>\n<p class=\"bold\">Nous fabricons des lampes pour s\u00e9cheurs comme Eltosch, Grafix, Piller, Herberts, Jac De Vries, etc.<\/p>\n<p>Nous fabricons des lampes pour s\u00e9cheurs comme Eltosch, Grafix, Piller, Herberts, Jac De Vries, etc..<\/p>\n<p><img style=\"float: left;margin: 20px 20px 0 0\" src=\"https:\/\/www.lamptech.de\/wp-content\/uploads\/2012\/03\/ir-unten.jpg\" alt=\"infrarotlampen\" width=\"200\" \/><\/p>\n<p style=\"margin-top: 20px\">Nos \u00e9metteurs IR onde courte et onde moyenne rapide sont <span class=\"bold\">garanties 5000H<\/span>. Nos \u00e9metteurs IR onde moyenne sont <span class=\"bold\">garanties 20.000h<\/span><\/p>\n<p>.<\/p>\n<p>Pour une identification correcte de la lampe IR et a but de vous faire une proposition precise, veuillez cliquer sur &#8220;<a href=\"?page_id=38\"><span class=\"bold\">Questionnaire<\/span><\/a>&#8220;, remplir celui-ci et nous le retourner.<\/p>","protected":false},"excerpt":{"rendered":"<p>\u00c9metteurs Infrarouge LampTech produit des \u00e9metteurs IR en tube simple ainsi que en tube jumel\u00e9e pour machines comme Heidelberg, Roland, KBA, Komori, Akyama, Mitsubishi, Sakurai&#8230; Nous fabricons des lampes pour s\u00e9cheurs comme Eltosch, Grafix, Piller, Herberts, Jac De Vries, etc. Nous fabricons des lampes pour s\u00e9cheurs comme Eltosch, Grafix, Piller, Herberts, Jac De Vries, etc.. [&hellip;]<\/p>\n","protected":false},"author":1,"featured_media":0,"parent":0,"menu_order":1,"comment_status":"open","ping_status":"open","template":"","meta":[],"_links":{"self":[{"href":"https:\/\/www.lamptech.de\/fr-emetteurs-lampes\/wp-json\/wp\/v2\/pages\/162"}],"collection":[{"href":"https:\/\/www.lamptech.de\/fr-emetteurs-lampes\/wp-json\/wp\/v2\/pages"}],"about":[{"href":"https:\/\/www.lamptech.de\/fr-emetteurs-lampes\/wp-json\/wp\/v2\/types\/page"}],"author":[{"embeddable":true,"href":"https:\/\/www.lamptech.de\/fr-emetteurs-lampes\/wp-json\/wp\/v2\/users\/1"}],"replies":[{"embeddable":true,"href":"https:\/\/www.lamptech.de\/fr-emetteurs-lampes\/wp-json\/wp\/v2\/comments?post=162"}],"version-history":[{"count":1,"href":"https:\/\/www.lamptech.de\/fr-emetteurs-lampes\/wp-json\/wp\/v2\/pages\/162\/revisions"}],"predecessor-version":[{"id":174,"href":"https:\/\/www.lamptech.de\/fr-emetteurs-lampes\/wp-json\/wp\/v2\/pages\/162\/revisions\/174"}],"wp:attachment":[{"href":"https:\/\/www.lamptech.de\/fr-emetteurs-lampes\/wp-json\/wp\/v2\/media?parent=162"}],"curies":[{"name":"wp","href":"https:\/\/api.w.org\/{rel}","templated":true}]}}