{"id":10,"date":"2010-05-27T08:37:36","date_gmt":"2010-05-27T08:37:36","guid":{"rendered":"https:\/\/www.lamptech.de\/fr\/?page_id=10"},"modified":"2013-03-06T12:47:46","modified_gmt":"2013-03-06T12:47:46","slug":"lampes-uv","status":"publish","type":"page","link":"https:\/\/www.lamptech.de\/fr-emetteurs-lampes\/lampes-uv\/","title":{"rendered":"Lampes UV"},"content":{"rendered":"<h2>Lampes Ultra-violet<\/h2>\n<p><img style=\"float: left;margin-right: 0\" src=\"https:\/\/www.lamptech.de\/wp-content\/uploads\/2012\/03\/uv-spektrum.gif\" alt=\"UV-Spektrum\" width=\"440\" \/><br \/>\n<img loading=\"lazy\" style=\"float: right;margin-left: 20px\" src=\"https:\/\/www.lamptech.de\/wp-content\/uploads\/2012\/03\/uv_rechts_trans_1.png\" alt=\"UV-Strahler\" width=\"220\" height=\"420\" \/><\/p>\n<div style=\"clear: left\"><\/div>\n<p class=\"bold\">LampTech produit et distribue une large gamme de lampes UV pour diverses applications comme l\u00b4impression typo, offset, flexo, serigraphie.<br \/>\nLes impressions en UV sont realisables sur papier, carton, verre, plastiques, metal, bois, CD et autres&#8230;<\/p>\n<p>es lampes UV sont \u00e9galement utilis\u00e9es pour la production de circuit imprim\u00e9s, dans le collage industriel ainsi que pour le domaine de germicide.<\/p>\n<p>Nous pouvons doper les lampes en mercure,gallium,indium,fer,plomb ou en combinaison de ceux-ci.<\/p>\n<p><img style=\"float: left;margin: 20px 20px 0 0\" src=\"https:\/\/www.lamptech.de\/wp-content\/uploads\/2012\/03\/uv-strahler_neu.jpg\" alt=\"\" width=\"200\" \/><\/p>\n<p style=\"margin-top: 20px\">Nos lampes sont <span class=\"bold\">garanties 1500 heures<\/span>.<\/p>\n<p>Pour une <span class=\"bold\">identification correcte de la lampe UV<\/span> et a but de vous faire une proposition precise, veuillez cliquer sur &#8220;<a href=\"?page_id=62\"><span class=\"bold\">Questionnaire<\/span><\/a>&#8220;, remplir celui-ci et nous le retourner.<\/p>","protected":false},"excerpt":{"rendered":"<p>Lampes Ultra-violet LampTech produit et distribue une large gamme de lampes UV pour diverses applications comme l\u00b4impression typo, offset, flexo, serigraphie. Les impressions en UV sont realisables sur papier, carton, verre, plastiques, metal, bois, CD et autres&#8230; es lampes UV sont \u00e9galement utilis\u00e9es pour la production de circuit imprim\u00e9s, dans le collage industriel ainsi que [&hellip;]<\/p>\n","protected":false},"author":1,"featured_media":0,"parent":0,"menu_order":2,"comment_status":"open","ping_status":"open","template":"","meta":[],"_links":{"self":[{"href":"https:\/\/www.lamptech.de\/fr-emetteurs-lampes\/wp-json\/wp\/v2\/pages\/10"}],"collection":[{"href":"https:\/\/www.lamptech.de\/fr-emetteurs-lampes\/wp-json\/wp\/v2\/pages"}],"about":[{"href":"https:\/\/www.lamptech.de\/fr-emetteurs-lampes\/wp-json\/wp\/v2\/types\/page"}],"author":[{"embeddable":true,"href":"https:\/\/www.lamptech.de\/fr-emetteurs-lampes\/wp-json\/wp\/v2\/users\/1"}],"replies":[{"embeddable":true,"href":"https:\/\/www.lamptech.de\/fr-emetteurs-lampes\/wp-json\/wp\/v2\/comments?post=10"}],"version-history":[{"count":1,"href":"https:\/\/www.lamptech.de\/fr-emetteurs-lampes\/wp-json\/wp\/v2\/pages\/10\/revisions"}],"predecessor-version":[{"id":176,"href":"https:\/\/www.lamptech.de\/fr-emetteurs-lampes\/wp-json\/wp\/v2\/pages\/10\/revisions\/176"}],"wp:attachment":[{"href":"https:\/\/www.lamptech.de\/fr-emetteurs-lampes\/wp-json\/wp\/v2\/media?parent=10"}],"curies":[{"name":"wp","href":"https:\/\/api.w.org\/{rel}","templated":true}]}}