{"id":38,"date":"2010-05-27T11:23:32","date_gmt":"2010-05-27T11:23:32","guid":{"rendered":"https:\/\/www.lamptech.de\/es\/?page_id=38"},"modified":"2013-03-06T12:49:58","modified_gmt":"2013-03-06T12:49:58","slug":"ir-cuestionario","status":"publish","type":"page","link":"https:\/\/www.lamptech.de\/es-emisores\/ir-strahler\/ir-cuestionario\/","title":{"rendered":"IR-Cuestionario"},"content":{"rendered":"<h2>Emisores Infrarrojo &#8211; Cuestionario<\/h2>\n<div style=\"float: left;width: 100%\">\n<div style=\"float: left;width: 35%\">\n<p style=\"margin-top: 25px;font-weight: bold\">Por favor completa el cuestionario con toda la informaci\u00f3n disponible acerca de su emisor de infrarrojos para enviar el formulario directamente a nosotros, para que podamos enviarle un presupuesto correcto acerca de la l\u00e1mpara que usted necesita.<\/p>\n<p><img style=\"margin-right: 0px;margin-top: 400px\" src=\"https:\/\/www.lamptech.de\/wp-content\/uploads\/2012\/03\/roehren_trans.png\" alt=\"ir-lamps\" width=\"250\" \/><\/p>\n<\/div>\n<div style=\"float: left;width: 60%;margin: 20px 0 0 20px\">\n<div role=\"form\" class=\"wpcf7\" id=\"wpcf7-f205-o1\" dir=\"ltr\">\n<div class=\"screen-reader-response\"><p role=\"status\" aria-live=\"polite\" aria-atomic=\"true\"><\/p> <ul><\/ul><\/div>\n<form action=\"\/es-emisores\/wp-json\/wp\/v2\/pages\/38#wpcf7-f205-o1\" method=\"post\" class=\"wpcf7-form init\" novalidate=\"novalidate\" data-status=\"init\">\n<div style=\"display: none;\">\n<input type=\"hidden\" name=\"_wpcf7\" value=\"205\" \/>\n<input type=\"hidden\" name=\"_wpcf7_version\" value=\"5.5.6\" \/>\n<input type=\"hidden\" name=\"_wpcf7_locale\" value=\"\" \/>\n<input type=\"hidden\" name=\"_wpcf7_unit_tag\" value=\"wpcf7-f205-o1\" \/>\n<input type=\"hidden\" name=\"_wpcf7_container_post\" value=\"0\" \/>\n<input type=\"hidden\" name=\"_wpcf7_posted_data_hash\" value=\"\" \/>\n<\/div>\n<p class=\"bold\">Cliente:<br \/><span class=\"wpcf7-form-control-wrap your-name\"><input type=\"text\" name=\"your-name\" value=\"\" size=\"40\" class=\"wpcf7-form-control wpcf7-text wpcf7-validates-as-required\" aria-required=\"true\" aria-invalid=\"false\" \/><\/span><\/p>\n<p class=\"bold\">E-Mail:<br \/><span class=\"wpcf7-form-control-wrap your-email\"><input type=\"email\" name=\"your-email\" value=\"\" size=\"40\" class=\"wpcf7-form-control wpcf7-text wpcf7-email wpcf7-validates-as-required wpcf7-validates-as-email\" aria-required=\"true\" aria-invalid=\"false\" \/><\/span><\/p>\n<p>Contacto:<br \/><span class=\"wpcf7-form-control-wrap text-617\"><input type=\"text\" name=\"text-617\" value=\"\" size=\"40\" class=\"wpcf7-form-control wpcf7-text\" aria-invalid=\"false\" \/><\/span><\/p>\n<p>Direcci\u00f3n:<br \/><span class=\"wpcf7-form-control-wrap text-629\"><input type=\"text\" name=\"text-629\" value=\"\" size=\"40\" class=\"wpcf7-form-control wpcf7-text\" aria-invalid=\"false\" \/><\/span><\/p>\n<p>C\u00f3digo Postal:<br \/><span class=\"wpcf7-form-control-wrap text-40\"><input type=\"text\" name=\"text-40\" value=\"\" size=\"40\" class=\"wpcf7-form-control wpcf7-text\" aria-invalid=\"false\" \/><\/span><\/p>\n<p>Ciudad:<br \/><span class=\"wpcf7-form-control-wrap text-78\"><input type=\"text\" name=\"text-78\" value=\"\" size=\"40\" class=\"wpcf7-form-control wpcf7-text\" aria-invalid=\"false\" \/><\/span><\/p>\n<p>Tel\u00e9fono:<br \/><span class=\"wpcf7-form-control-wrap text-216\"><input type=\"text\" name=\"text-216\" value=\"\" size=\"40\" class=\"wpcf7-form-control wpcf7-text\" aria-invalid=\"false\" \/><\/span><\/p>\n<p>Telefax:<br \/><span class=\"wpcf7-form-control-wrap text-421\"><input type=\"text\" name=\"text-421\" value=\"\" size=\"40\" class=\"wpcf7-form-control wpcf7-text\" aria-invalid=\"false\" \/><\/span><\/p>\n<p class=\"bold\">Datos del emisor:<br \/><span class=\"wpcf7-form-control-wrap textarea-83\"><textarea name=\"textarea-83\" cols=\"40\" rows=\"10\" class=\"wpcf7-form-control wpcf7-textarea\" aria-invalid=\"false\"><\/textarea><\/span><\/p>\n<p>Tipo de l\u00e1mpara (ver a la derecha de mesa):<br \/><span class=\"wpcf7-form-control-wrap text-85\"><input type=\"text\" name=\"text-85\" value=\"\" size=\"40\" class=\"wpcf7-form-control wpcf7-text\" aria-invalid=\"false\" \/><\/span><\/p>\n<p>Fabricante de la impresora:<br \/><span class=\"wpcf7-form-control-wrap text-658\"><input type=\"text\" name=\"text-658\" value=\"\" size=\"40\" class=\"wpcf7-form-control wpcf7-text\" aria-invalid=\"false\" \/><\/span><\/p>\n<p>Fabricante del secador:<br \/><span class=\"wpcf7-form-control-wrap text-863\"><input type=\"text\" name=\"text-863\" value=\"\" size=\"40\" class=\"wpcf7-form-control wpcf7-text\" aria-invalid=\"false\" \/><\/span><\/p>\n<p>Tipo de impresora y a\u00f1o:<br \/><span class=\"wpcf7-form-control-wrap text-487\"><input type=\"text\" name=\"text-487\" value=\"\" size=\"40\" class=\"wpcf7-form-control wpcf7-text\" aria-invalid=\"false\" \/><\/span><\/p>\n<p>Longitud de la l\u00e1mpera:<br \/><span class=\"wpcf7-form-control-wrap text-691\"><input type=\"text\" name=\"text-691\" value=\"\" size=\"40\" class=\"wpcf7-form-control wpcf7-text\" aria-invalid=\"false\" \/><\/span><\/p>\n<p>Longitud del calentador:<br \/><span class=\"wpcf7-form-control-wrap text-666\"><input type=\"text\" name=\"text-666\" value=\"\" size=\"40\" class=\"wpcf7-form-control wpcf7-text\" aria-invalid=\"false\" \/><\/span><\/p>\n<p>Tubo doble: <span class=\"wpcf7-form-control-wrap checkbox-350\"><span class=\"wpcf7-form-control wpcf7-checkbox\"><span class=\"wpcf7-list-item first\"><input type=\"checkbox\" name=\"checkbox-350[]\" value=\"s\u00ed\" \/><span class=\"wpcf7-list-item-label\">s\u00ed<\/span><\/span><span class=\"wpcf7-list-item last\"><input type=\"checkbox\" name=\"checkbox-350[]\" value=\"no\" \/><span class=\"wpcf7-list-item-label\">no<\/span><\/span><\/span><\/span><\/p>\n<p>Tubo 1<br \/><span class=\"wpcf7-form-control-wrap text-112\"><input type=\"text\" name=\"text-112\" value=\"\" size=\"40\" class=\"wpcf7-form-control wpcf7-text\" aria-invalid=\"false\" \/><\/span><\/p>\n<p>Tubo 2<br \/><span class=\"wpcf7-form-control-wrap text-772\"><input type=\"text\" name=\"text-772\" value=\"\" size=\"40\" class=\"wpcf7-form-control wpcf7-text\" aria-invalid=\"false\" \/><\/span><\/p>\n<p>Voltage de la l\u00e1mpara::<br \/><span class=\"wpcf7-form-control-wrap text-772\"><input type=\"text\" name=\"text-772\" value=\"\" size=\"40\" class=\"wpcf7-form-control wpcf7-text\" aria-invalid=\"false\" \/><\/span><\/p>\n<p>Potencia de la l\u00e1mpara:<br \/><span class=\"wpcf7-form-control-wrap text-223\"><input type=\"text\" name=\"text-223\" value=\"\" size=\"40\" class=\"wpcf7-form-control wpcf7-text\" aria-invalid=\"false\" \/><\/span><\/p>\n<p>N\u00ba referencia de la l\u00e1mpara:<br \/><span class=\"wpcf7-form-control-wrap text-350\"><input type=\"text\" name=\"text-350\" value=\"\" size=\"40\" class=\"wpcf7-form-control wpcf7-text\" aria-invalid=\"false\" \/><\/span><\/p>\n<p>\n<input type=\"submit\" value=\"Enviar a LampTech\" class=\"wpcf7-form-control has-spinner wpcf7-submit\" \/><\/p>\n<div class=\"wpcf7-response-output\" aria-hidden=\"true\"><\/div><\/form><\/div>\n<\/div>\n<div style=\"clear: both\"><\/div>\n<p>En el caso de que la l\u00e1mpara sea compleja, por favor, <span class=\"bold\">env\u00edenos una muestra o un dibujo de la l\u00e1mpara por fax (+49 5241 702761)<\/span> a LampTech.<\/p>\n<\/div>","protected":false},"excerpt":{"rendered":"<p>Emisores Infrarrojo &#8211; Cuestionario Por favor completa el cuestionario con toda la informaci\u00f3n disponible acerca de su emisor de infrarrojos para enviar el formulario directamente a nosotros, para que podamos enviarle un presupuesto correcto acerca de la l\u00e1mpara que usted necesita. En el caso de que la l\u00e1mpara sea compleja, por favor, env\u00edenos una muestra [&hellip;]<\/p>\n","protected":false},"author":1,"featured_media":0,"parent":199,"menu_order":1,"comment_status":"open","ping_status":"open","template":"","meta":[],"_links":{"self":[{"href":"https:\/\/www.lamptech.de\/es-emisores\/wp-json\/wp\/v2\/pages\/38"}],"collection":[{"href":"https:\/\/www.lamptech.de\/es-emisores\/wp-json\/wp\/v2\/pages"}],"about":[{"href":"https:\/\/www.lamptech.de\/es-emisores\/wp-json\/wp\/v2\/types\/page"}],"author":[{"embeddable":true,"href":"https:\/\/www.lamptech.de\/es-emisores\/wp-json\/wp\/v2\/users\/1"}],"replies":[{"embeddable":true,"href":"https:\/\/www.lamptech.de\/es-emisores\/wp-json\/wp\/v2\/comments?post=38"}],"version-history":[{"count":2,"href":"https:\/\/www.lamptech.de\/es-emisores\/wp-json\/wp\/v2\/pages\/38\/revisions"}],"predecessor-version":[{"id":210,"href":"https:\/\/www.lamptech.de\/es-emisores\/wp-json\/wp\/v2\/pages\/38\/revisions\/210"}],"up":[{"embeddable":true,"href":"https:\/\/www.lamptech.de\/es-emisores\/wp-json\/wp\/v2\/pages\/199"}],"wp:attachment":[{"href":"https:\/\/www.lamptech.de\/es-emisores\/wp-json\/wp\/v2\/media?parent=38"}],"curies":[{"name":"wp","href":"https:\/\/api.w.org\/{rel}","templated":true}]}}