{"id":32,"date":"2010-05-27T09:44:46","date_gmt":"2010-05-27T09:44:46","guid":{"rendered":"https:\/\/www.lamptech.de\/es\/?page_id=32"},"modified":"2013-03-06T12:52:05","modified_gmt":"2013-03-06T12:52:05","slug":"terminos-y-condiciones","status":"publish","type":"page","link":"https:\/\/www.lamptech.de\/es-emisores\/terminos-y-condiciones\/","title":{"rendered":"T\u00e9rminos y condiciones"},"content":{"rendered":"<h2>Las ventas, entrega y condiciones de pago<\/h2>\n<p><\/p>\n<p class=\"bold\">1. Oferta y contrato <\/p>\n<p>1. Para las relaciones comerciales entre el comprador y el cliente y nosotros est\u00e1 sujeto a las presentes condiciones de venta, condiciones de apartarse de la compra es ilegal. Si las distintas disposiciones de las Condiciones inv\u00e1lida, la validez de los no afectados restantes.<br \/>\n2. Las ofertas est\u00e1n siempre sujetos a cambios, a menos que sean temporales. Las ilustraciones, dibujos, pesos y dimensiones, etc de la oferta son aproximadas solamente, a menos que sean designados expresamente como vinculantes.<br \/>\n3. S\u00f3lo con nuestra confirmaci\u00f3n por escrito del contrato se haya celebrado el contrato, y su contenido es relevante para el contrato. El proveedor, sin embargo, se reserva el derecho de aceptar o rechazar la ejecuci\u00f3n de un contrato donde se incluye el costo, ejecuci\u00f3n o otros errores, como la escritura y los errores aritm\u00e9ticos en la oferta o en su confirmaci\u00f3n.<br \/>\n4. Se encuentra entre la confirmaci\u00f3n del pedido y la entrega, un per\u00edodo de m\u00e1s de 8 semanas, tenemos el derecho de enviar m\u00e1quinas con dise\u00f1o y equipamiento cambios.<br \/>\n5. Acuerdos y la garant\u00eda de propiedades espec\u00edficas de las mercanc\u00edas sujetas a confirmaci\u00f3n por escrito del proveedor<br \/>\n6. La parte de los documentos de cotizaci\u00f3n, como ilustraciones, dibujos, dimensiones, peso y datos de actividad, informaci\u00f3n que marca, tipo, a\u00f1o de construcci\u00f3n y similares, que contiene s\u00f3lo un valor comercial aproximado, a menos que sean designados expresamente como vinculantes. En dichos documentos siendo el proveedor de la propiedad y los derechos de autor, los terceros no deben ponerse a disposici\u00f3n y est\u00e1n a la vista o en caso de que el contrato inmediatamente env\u00edan.<\/p>\n<p class=\"bold\">2. Precios<\/p>\n<p>1. Los precios son, salvo acuerdo expreso, en f\u00e1brica o almac\u00e9n, con excepci\u00f3n del envasado y de seguros.<br \/>\n2. Los precios de los productos que se entregan antes de las 8 semanas despu\u00e9s de la orden de confirmaci\u00f3n ser\u00e1 siempre no vinculante. Se calcula en estos casos el d\u00eda de la entrega precio de env\u00edo v\u00e1lida.<\/p>\n<p class=\"bold\">3. Env\u00edo &#8211; Inclusi\u00f3n<\/p>\n<p>1. Los plazos de entrega son vinculantes a menos que est\u00e9n expresamente mencionados como vinculantes. Van desde la fecha de confirmaci\u00f3n del pedido.<br \/>\n2. los retrasos de entrega son por causas de fuerza mayor, las regulaciones gubernamentales, huelgas, cierres patronales, guerras, disturbios, retraso en la entrega de los principales monumentos y las materias primas o de otro tipo por el fabricante no se hace la debida justificaci\u00f3n, responsables, no cualquier reclamo por da\u00f1os contra el fabricante, y dar\u00e1 derecho al comprador a rescindir el contrato. En tales casos, el plazo de entrega acordado se prorrogar\u00e1 en consecuencia.<br \/>\n3. El alcance del suministro la confirmaci\u00f3n por escrito del proveedor deber\u00e1 prevalecer. Acuerdos y modificaciones requieren la confirmaci\u00f3n por escrito del proveedor<br \/>\n4. El grado de protecci\u00f3n se proporcionan, ya que esto est\u00e1 de acuerdo<br \/>\n5. Para cada tipo de reuni\u00f3n, y el suministro de los ingenieros son condiciones especiales de montaje que han de ser necesaria cuando no est\u00e1n disponibles para el cliente<\/p>\n<p class=\"bold\">4. Env\u00edo<\/p>\n<p>1. El env\u00edo se hace por cuenta y riesgo del comprador. Si el env\u00edo a petici\u00f3n del comprador por exceder las fechas de pago acordadas o inadecuada o instrucci\u00f3n env\u00edo retraso se retrasa, se para cada mes, comenzando un mes despu\u00e9s de la notificaci\u00f3n de disponibilidad, el coste de almacenamiento &#8211; el almacenamiento en la planta de suministro y por lo menos medio por ciento de la masa &#8211; calculado. Tenemos derecho a tener despu\u00e9s de ajuste y despu\u00e9s de un plazo razonable para disponer de los bienes entregados y de entregar al comprador en un plazo razonablemente prolongado.<br \/>\n2. El transporte, almacenamiento, seguros y env\u00edo son a cargo del comprador<br \/>\n3. Mercanc\u00edas suministradas, incluso si tienen defectos, el comprador, sin perjuicio de los derechos en la secci\u00f3n 7,<br \/>\nCuarto Teilieferungen se admiten.<\/p>\n<p class=\"bold\">5. Cesi\u00f3n del riesgo<\/p>\n<p>1. El riesgo pasa al env\u00edo de la mercanc\u00eda al comprador.<br \/>\n2. Si el env\u00edo se retrasa debido a circunstancias que no somos responsables, entonces el riesgo de la fecha de env\u00edo al comprador, sin embargo, nos vemos obligados a tomar el pedido y el costo del seguro comprador, las exigencias del cliente.<\/p>\n<p class=\"bold\">6. Quejas y denuncias<\/p>\n<p>1. En los casos de traslados incompleta o incorrecta o reclamaciones por defectos visibles deben ser notados en el plazo de 3 d\u00edas despu\u00e9s de la llegada de mercanc\u00edas al destino convenido, por escrito, con pruebas suficientes.<br \/>\n2. En caso de retraso en la notificaci\u00f3n de las denuncias o defectos, la oferta deber\u00e1 ser aprobado. Con aviso previo, nos hemos comprometido a garantizar con arreglo a la s\u00e9ptima secci\u00f3n<\/p>\n<p class=\"bold\">7. Garant\u00eda para completar. Equipos y maquinaria<\/p>\n<p>1. Trata de un contrato de garant\u00eda, nosotros lo aceptamos s\u00f3lo en t\u00e9rminos de la entrega de obras confirm\u00f3 garant\u00eda. La garant\u00eda comienza en el d\u00eda del parto y se prolonga durante seis meses a un m\u00e1ximo de 1000 horas de funcionamiento. La garant\u00eda se extiende s\u00f3lo al primer comprador y termina en la reventa. Los da\u00f1os causados por el desgaste normal y el manejo inadecuado son excluidos de la garant\u00eda. Por partes, no la entrega de nuestra labor a\u00fan se producen, la garant\u00eda de las disposiciones de estos proveedores para entrar en vigor.<br \/>\n2. La garant\u00eda no se plantea si se han producido sin nuestro consentimiento previo del comprador o de una intervenci\u00f3n de terceros introducidas en el art\u00edculo comprado.<br \/>\n3. Nuestra garant\u00eda cubre no cubre los da\u00f1os a la sobrecarga, otros abusos, la negligencia en el cuidado y mantenimiento, de las influencias clim\u00e1ticas, accidentes o &#8220;fuerza mayor&#8221; se deben.<br \/>\n4. Necesidad de sustituci\u00f3n o reparaci\u00f3n, es que cualquier fallo en el plazo de 14 d\u00edas con pruebas suficientes (fotograf\u00edas, croquis, descripci\u00f3n de los da\u00f1os, etc) fueron informados de que las partes antiguas (para nosotros) carga con nosotros o con la ubicaci\u00f3n espec\u00edfica se expiden de nosotros y la garant\u00eda puede ser aceptada como justificada.<br \/>\n5. A partir del resultado de la reparaci\u00f3n o costes de sustituci\u00f3n, que tomamos, a menos que el reclamo de la garant\u00eda se encuentra para ser justificado y aprobado, el costo de sustituci\u00f3n, incluido el coste de la navegaci\u00f3n normal, y los costos razonables de mudanza e instalaci\u00f3n.<br \/>\n6. Para las piezas de repuesto es una garant\u00eda de 6 meses. En caso de reparaciones y piezas de repuesto, ofrecemos un per\u00edodo de garant\u00eda de 6 semanas desde la fecha de entrega. Si una garant\u00eda sobre las partes reconocidas por la f\u00e1brica, asumimos que el costo de reemplazo o reparaci\u00f3n, incluidos los gastos de env\u00edo. Con el fin de preservar la garant\u00eda, v\u00e1lida en segunda condiciones de funcionamiento an\u00e1logo.<br \/>\n7. Otros derechos, especialmente en el uso o da\u00f1os consecuentes que no est\u00e1n en la mercanc\u00eda entregada s\u00ed mismos, no son reconocidos por nosotros.<br \/>\n8. Las facturas para las partes, en la quinta descritos son, se deben en los proyectos de ley en el plazo previsto. casos de garant\u00eda flotante no autoriza a la huelga de pago o una reducci\u00f3n de pago<br \/>\n9. Los acuerdos verbales son v\u00e1lidos s\u00f3lo si en primer lugar a los estados-8. no est\u00e1 en contradicci\u00f3n.<\/p>\n<p class=\"bold\">8. Reserva de dominio<\/p>\n<p>1. Hasta el pago completo de todas las demandas presentes y futuros derivados de la relaci\u00f3n comercial, nos reservamos el derecho a los puntos de entrega.<br \/>\n2. Mientras mantengan la propiedad de los elementos de entrega son de reventa s\u00f3lo en los negocios adecuado permitido que la morosidad s\u00f3lo con nuestro consentimiento. El comprador vende la que \u00e9l o en su nombre por nosotros directamente con los productos de terceros suministrados por o en nombre de nosotros directamente con los productos de terceros o que ellos se acumula, por lo que asigna hasta el pago total de nuestras deudas con \u00e9l de la venta o instalaci\u00f3n en los cr\u00e9ditos derivados de su cliente y el cliente para nosotros.<br \/>\n3. Si el valor para nosotros de acuerdo a No. 1 y No. 2 t\u00edtulos existentes excede nuestras reivindicaciones en m\u00e1s del 20%, estamos a petici\u00f3n del comprador en el momento de inspecci\u00f3n.<br \/>\n4. El comprador deber\u00e1 suministrar los bienes o la transferencia de la seguridad. \u00c9l nos ha por terceros en el t\u00edtulo mantiene con los productos o los cr\u00e9ditos cedidos se comunican por correo certificado. El comprador es responsable de los costes de una acci\u00f3n de intervenci\u00f3n.<br \/>\n5. El comprador tiene la mercanc\u00eda en los plazos previstos por el contrato hasta el pago completo de todas las reclamaciones derivadas de la relaci\u00f3n comercial existente contra incendio, robo, da\u00f1os por agua y partido (poseen un seguro de da\u00f1os) y para nosotros la mano de la p\u00f3liza de seguro. Las reivindicaciones del dinero del seguro se transferir\u00e1n con el contrato para el per\u00edodo mencionado a nosotros. El proveedor tiene derecho a confiar en el seguro por su cuenta a costa del cliente, para avanzar en las primas y permiten recuperar de los tipos de cuenta diferida. Los gastos, seguros, etc, se considerar\u00e1 como parte del precio de compra. Los beneficios de seguro se van a utilizar en su totalidad para la rehabilitaci\u00f3n de las unidades adquiridas. En el caso de p\u00e9rdida total de los pagos de seguros para la erradicaci\u00f3n de las reclamaciones de los proveedores se utilizan, el exceso ser\u00e1 propiedad del comprador. El cliente tiene la obligaci\u00f3n de mantener durante la duraci\u00f3n de la retenci\u00f3n de la titularidad de los bienes entregados en buen estado y el proveedor o su representante en cualquier momento que la entrada en el ensamblaje y \/ o determinar el lugar que puedan presentarse.<\/p>\n<p class=\"bold\">9. Pago<\/p>\n<p>1. Si no hay otras condiciones de pago se han acordado, el pago es en efectivo neto que se realiza inmediatamente despu\u00e9s de la entrega y recepci\u00f3n de la factura. Para los pagos que est\u00e1n en la colecci\u00f3n, a trav\u00e9s de una herida que se determinen por nosotros bancarias, solicitar con respecto a las fechas de pago establecidas en los t\u00e9rminos de cobro de deudas contractuales de pago especiales. En el caso de que se supere el plazo de pago, sin necesidad de una advertencia expl\u00edcita, expres\u00f3 su inter\u00e9s en el importe de los intereses bancarios para nosotros en los pr\u00e9stamos bancarios no utilizados.<br \/>\n2. Si, antes o despu\u00e9s del env\u00edo de la entrega despectivos sobre la solvencia del beneficiario se sabe, tenemos derecho a exigir garant\u00edas suficientes o, siempre que dichas peticiones no se cumplen, rescindir el contrato.<br \/>\n3. En nuestras reclamaciones s\u00f3lo pueden compensarse contra el comprador o un reclamo embargo si la demanda reconvencional se discute por el comprador o un t\u00edtulo definitivo.<br \/>\n4. Si en el caso de una transacci\u00f3n de pago a un cliente con dos tramos consecutivos, o cuentas o cheques en su totalidad o en parte en rebeld\u00eda y la suma, con el pago de la cual se encuentra en mora, por lo menos una d\u00e9cima parte del precio de compra de la mercanc\u00eda, entonces la totalidad del precio de compra restantes su debido tiempo. El proveedor tiene derecho a retirar en ausencia de una tasa ya diferido o deshonor de un proyecto de ley o busque en el contrato. En caso de rescisi\u00f3n del contrato debido a la falta de acuerdo expreso que las cuentas y los controles sobre la aplicaci\u00f3n de las reclamaciones de indemnizaci\u00f3n u otras reclamaciones de indemnizaci\u00f3n pueden ser recuperados. Adem\u00e1s, la tasa de uso y posiblemente un reemplazo por da\u00f1os y perjuicios a ser pagados por el comprador al proveedor, se vinculan, asimismo, por el Proveedor es una estimaci\u00f3n, iniciando lo encontr\u00f3 a realizarse mediante una estimaci\u00f3n cuerpo. El uso de indemnizaci\u00f3n y da\u00f1os y perjuicios por el uso, en este caso se calcula como la diferencia entre las ventas y el precio estimado.<br \/>\n5. Las letras de cambio, nos reservamos el derecho, presupone rediscountable en el banco central del Estado. S\u00f3lo se aceptar\u00e1n para el pago y ser\u00e1 cobrado solamente. Los gastos corren a cuenta del comprador. En se\u00f1al de protesta, o el rechazo del redescuento que tienen derecho a todos nosotros de vuelta del comprador proyectos de ley aprobados y para exigir el pago inmediato en efectivo.<br \/>\n6. Nos reservamos el derecho de compensar todos los pagos recibidos del comprador de nuestra elecci\u00f3n, debido a los da\u00f1os ocasionados por entre nosotros y el comprador para los negocios existentes, con independencia del pago del comprador fin establecido.<br \/>\n7. Si el cliente no es su pasivos con el proveedor y hace que la retenci\u00f3n de los cr\u00e9ditos del t\u00edtulo, se puede argumentar, en todo caso, que los bienes deben servir para mantener el comercio.<br \/>\n8. En caso de cancelaci\u00f3n del contrato del 15% del importe de la factura se pagar\u00e1 como una distancia, sin causa que el proveedor de probar la realidad del da\u00f1o debe.<\/p>\n<p class=\"bold\">10. Cesi\u00f3n<\/p>\n<p>1. Nos reservamos el derecho a ceder la totalidad o cualquier reclamo en virtud del presente contrato sin el consentimiento del comprador a terceros<\/p>\n<p class=\"bold\">11. Jurisdicci\u00f3n<\/p>\n<p>1. La jurisdicci\u00f3n para todas las disputas que surjan del contrato est\u00e1 en nuestra elecci\u00f3n de nuestra firma, o la sede del comprador.<\/p>\n<p><a href=\"#page2\"><img style=\"margin-left: 320px;margin-top: 20px;border: 0;text-decoration: none\" src=\"https:\/\/www.lamptech.de\/https:\/\/www.lamptech.de\/wp-content\/uploads\/2012\/03\/arrow_up_36.jpg\" alt=\"nach oben\" width=\"24\" \/><\/a><\/p>","protected":false},"excerpt":{"rendered":"<p>Las ventas, entrega y condiciones de pago 1. Oferta y contrato 1. Para las relaciones comerciales entre el comprador y el cliente y nosotros est\u00e1 sujeto a las presentes condiciones de venta, condiciones de apartarse de la compra es ilegal. Si las distintas disposiciones de las Condiciones inv\u00e1lida, la validez de los no afectados restantes. [&hellip;]<\/p>\n","protected":false},"author":1,"featured_media":0,"parent":0,"menu_order":5,"comment_status":"open","ping_status":"open","template":"","meta":[],"_links":{"self":[{"href":"https:\/\/www.lamptech.de\/es-emisores\/wp-json\/wp\/v2\/pages\/32"}],"collection":[{"href":"https:\/\/www.lamptech.de\/es-emisores\/wp-json\/wp\/v2\/pages"}],"about":[{"href":"https:\/\/www.lamptech.de\/es-emisores\/wp-json\/wp\/v2\/types\/page"}],"author":[{"embeddable":true,"href":"https:\/\/www.lamptech.de\/es-emisores\/wp-json\/wp\/v2\/users\/1"}],"replies":[{"embeddable":true,"href":"https:\/\/www.lamptech.de\/es-emisores\/wp-json\/wp\/v2\/comments?post=32"}],"version-history":[{"count":1,"href":"https:\/\/www.lamptech.de\/es-emisores\/wp-json\/wp\/v2\/pages\/32\/revisions"}],"predecessor-version":[{"id":214,"href":"https:\/\/www.lamptech.de\/es-emisores\/wp-json\/wp\/v2\/pages\/32\/revisions\/214"}],"wp:attachment":[{"href":"https:\/\/www.lamptech.de\/es-emisores\/wp-json\/wp\/v2\/media?parent=32"}],"curies":[{"name":"wp","href":"https:\/\/api.w.org\/{rel}","templated":true}]}}