{"id":30,"date":"2010-05-27T09:36:19","date_gmt":"2010-05-27T09:36:19","guid":{"rendered":"https:\/\/www.lamptech.de\/es\/?page_id=30"},"modified":"2016-01-12T08:03:06","modified_gmt":"2016-01-12T08:03:06","slug":"pie-deimprenta","status":"publish","type":"page","link":"https:\/\/www.lamptech.de\/es-emisores\/pie-deimprenta\/","title":{"rendered":"Pie de imprenta"},"content":{"rendered":"<h2>Pie de imprenta<\/h2>\n<p class=\"bold\" style=\"padding-top: 10px\">Direcci\u00f3n:<\/p>\n<p class=\"bold\">LampTech<\/p>\n<p>Weidenweg, 38<br \/>\n33335 G\u00fctersloh<br \/>\nAlemania<\/p>\n<p>Tel: +49 5241 702760<br \/>\nFax: +49 5241 702761<br \/>\nE-mail: lamp.tech@t-online.de<\/p>\n<p><img style=\"float: right;padding-bottom: 20px\" src=\"https:\/\/www.lamptech.de\/wp-content\/uploads\/2012\/03\/logo_rot.gif\" width=\"300\" \/><\/p>\n<p class=\"bold\" style=\"padding-top: 4px\">Director general:<\/p>\n<p>G\u00fcnther Johannwille<\/p>\n<p class=\"bold\" style=\"padding-top: 4px\">Datos bancarios:<\/p>\n<p>Deutsche Bank AG Konto: 3 314 564 BLZ 480 700 40<\/p>\n<p>Ust ID : DE 811710460<\/p>\n<p>IBAN : DE58 4807 0024 0331 4564 00<\/p>\n<p>BIC S.W.I.F.T.-Code DEUT DE 3B 480<\/p>","protected":false},"excerpt":{"rendered":"<p>Pie de imprenta Direcci\u00f3n: LampTech Weidenweg, 38 33335 G\u00fctersloh Alemania Tel: +49 5241 702760 Fax: +49 5241 702761 E-mail: lamp.tech@t-online.de Director general: G\u00fcnther Johannwille Datos bancarios: Deutsche Bank AG Konto: 3 314 564 BLZ 480 700 40 Ust ID : DE 811710460 IBAN : DE58 4807 0024 0331 4564 00 BIC S.W.I.F.T.-Code DEUT DE 3B [&hellip;]<\/p>\n","protected":false},"author":1,"featured_media":0,"parent":0,"menu_order":4,"comment_status":"open","ping_status":"open","template":"","meta":[],"_links":{"self":[{"href":"https:\/\/www.lamptech.de\/es-emisores\/wp-json\/wp\/v2\/pages\/30"}],"collection":[{"href":"https:\/\/www.lamptech.de\/es-emisores\/wp-json\/wp\/v2\/pages"}],"about":[{"href":"https:\/\/www.lamptech.de\/es-emisores\/wp-json\/wp\/v2\/types\/page"}],"author":[{"embeddable":true,"href":"https:\/\/www.lamptech.de\/es-emisores\/wp-json\/wp\/v2\/users\/1"}],"replies":[{"embeddable":true,"href":"https:\/\/www.lamptech.de\/es-emisores\/wp-json\/wp\/v2\/comments?post=30"}],"version-history":[{"count":3,"href":"https:\/\/www.lamptech.de\/es-emisores\/wp-json\/wp\/v2\/pages\/30\/revisions"}],"predecessor-version":[{"id":216,"href":"https:\/\/www.lamptech.de\/es-emisores\/wp-json\/wp\/v2\/pages\/30\/revisions\/216"}],"wp:attachment":[{"href":"https:\/\/www.lamptech.de\/es-emisores\/wp-json\/wp\/v2\/media?parent=30"}],"curies":[{"name":"wp","href":"https:\/\/api.w.org\/{rel}","templated":true}]}}