{"id":217,"date":"2024-10-30T09:29:43","date_gmt":"2024-10-30T09:29:43","guid":{"rendered":"https:\/\/www.lamptech.de\/es-emisores\/?page_id=217"},"modified":"2024-10-30T09:29:44","modified_gmt":"2024-10-30T09:29:44","slug":"site-notice","status":"publish","type":"page","link":"https:\/\/www.lamptech.de\/es-emisores\/site-notice\/","title":{"rendered":"Site Notice"},"content":{"rendered":"<h1>Site Notice<\/h1>\n\n\n\n<p>LampTech Johannwille &amp; Santos GmbH<br>Weidenweg, 38<br>33335 G\u00fctersloh<\/p>\n\n\n\n<p>Commercial Register: HRB 10387<br>Registration court: Amtsgericht G\u00fctersloh<\/p>\n\n\n\n<p><strong>Represented by:<\/strong><br>G\u00fcnther Johannwille<\/p>\n\n\n\n<h2>Contact<\/h2>\n\n\n\n<p>Phone: +49 5241 702760<br>Telefax: +49 5241 70276<br>E-mail: lamp.tech@t-online.de<\/p>\n\n\n\n<h2>VAT ID<\/h2>\n\n\n\n<p>Sales tax identification number according to Sect. 27 a of the Sales Tax Law:<br>DE811710460<\/p>\n\n\n\n<h2>EU dispute resolution<\/h2>\n\n\n\n<p>The European Commission provides a platform for online dispute resolution (ODR): <a href=\"https:\/\/ec.europa.eu\/consumers\/odr\/\" target=\"_blank\" rel=\"noreferrer noopener\">https:\/\/ec.europa.eu\/consumers\/odr\/<\/a>.<br>Our e-mail address can be found above in the site notice.<\/p>\n\n\n\n<h2>Dispute resolution proceedings in front of a consumer arbitration board<\/h2>\n\n\n\n<p>We are not willing or obliged to participate in dispute resolution proceedings in front of a consumer arbitration board.<\/p>","protected":false},"excerpt":{"rendered":"<p>Site Notice LampTech Johannwille &amp; Santos GmbHWeidenweg, 3833335 G\u00fctersloh Commercial Register: HRB 10387Registration court: Amtsgericht G\u00fctersloh Represented by:G\u00fcnther Johannwille Contact Phone: +49 5241 702760Telefax: +49 5241 70276E-mail: lamp.tech@t-online.de VAT ID Sales tax identification number according to Sect. 27 a of the Sales Tax Law:DE811710460 EU dispute resolution The European Commission provides a platform for online [&hellip;]<\/p>\n","protected":false},"author":1,"featured_media":0,"parent":0,"menu_order":9,"comment_status":"closed","ping_status":"closed","template":"","meta":[],"_links":{"self":[{"href":"https:\/\/www.lamptech.de\/es-emisores\/wp-json\/wp\/v2\/pages\/217"}],"collection":[{"href":"https:\/\/www.lamptech.de\/es-emisores\/wp-json\/wp\/v2\/pages"}],"about":[{"href":"https:\/\/www.lamptech.de\/es-emisores\/wp-json\/wp\/v2\/types\/page"}],"author":[{"embeddable":true,"href":"https:\/\/www.lamptech.de\/es-emisores\/wp-json\/wp\/v2\/users\/1"}],"replies":[{"embeddable":true,"href":"https:\/\/www.lamptech.de\/es-emisores\/wp-json\/wp\/v2\/comments?post=217"}],"version-history":[{"count":1,"href":"https:\/\/www.lamptech.de\/es-emisores\/wp-json\/wp\/v2\/pages\/217\/revisions"}],"predecessor-version":[{"id":219,"href":"https:\/\/www.lamptech.de\/es-emisores\/wp-json\/wp\/v2\/pages\/217\/revisions\/219"}],"wp:attachment":[{"href":"https:\/\/www.lamptech.de\/es-emisores\/wp-json\/wp\/v2\/media?parent=217"}],"curies":[{"name":"wp","href":"https:\/\/api.w.org\/{rel}","templated":true}]}}