{"id":199,"date":"2010-05-26T14:45:17","date_gmt":"2010-05-26T14:45:17","guid":{"rendered":"https:\/\/www.lamptech.de\/es\/?page_id=3"},"modified":"2013-03-06T12:49:36","modified_gmt":"2013-03-06T12:49:36","slug":"ir-strahler","status":"publish","type":"page","link":"https:\/\/www.lamptech.de\/es-emisores\/","title":{"rendered":"Emisores IR"},"content":{"rendered":"<h2>Emisores Infrarrojos<\/h2>\n<p><img loading=\"lazy\" style=\"float: left;margin-right: 0\" src=\"https:\/\/www.lamptech.de\/wp-content\/uploads\/2012\/03\/ir-spektrale_es.jpg\" alt=\"ir-spektrale\" width=\"440\" height=\"273\" \/><br \/>\n<img loading=\"lazy\" style=\"float: right;margin-left: 20px\" src=\"https:\/\/www.lamptech.de\/wp-content\/uploads\/2012\/03\/ir_rechts_trans_1.png\" alt=\"emisores infrarrojo\" width=\"220\" height=\"420\" \/><\/p>\n<div style=\"clear: left\"><\/div>\n<p class=\"bold\">Lamp Tech fabrica tubos emisores de infrarrojo simples o dobles para m\u00e1quinas impresoras Heidelberg, Roland, KBA, Komori, Akyama, Mitsubishi, Sakurai&#8230;<\/p>\n<p class=\"bold\">Disponemos de l\u00e1mparas para insertar en sistemas como Eltosch, Grafix, Piller, Herberts, Jac De Vries, etc.<\/p>\n<p>Este a\u00f1o, en DRUPA, suministraremos toda la gama de l\u00e1mparas de recambio de Heidelberg, incluidas la gama de Piller, Drystar, as\u00ed como nuestros innovadores emisores r\u00e1pidos de onda media.<\/p>\n<p><img style=\"float: left;margin: 20px 20px 0 0\" src=\"https:\/\/www.lamptech.de\/wp-content\/uploads\/2012\/03\/ir-unten.jpg\" alt=\"infrarotlampen\" width=\"200\" \/><\/p>\n<p style=\"margin-top: 20px\">Ofrecemos <span class=\"bold\">5.000 horas de garant\u00eda<\/span> en l\u00e1mparas de onda corta y onda media r\u00e1pida, adem\u00e1s de <span class=\"bold\">20.000 horas de garant\u00eda<\/span> en l\u00e1mparas de onda media.<\/p>\n<p>Para <span class=\"bold\">presupuestar e identificar correctamente<\/span> su emisor de infrarrojo, por favor, pulse el rat\u00f3n sobre la palabra &#8220;<a href=\"?page_id=38\"><span class=\"bold\">Cuestionario<\/span><\/a>&#8220;para enviar los detalles t\u00e9cnicos a LampTech.<\/p>","protected":false},"excerpt":{"rendered":"<p>Emisores Infrarrojos Lamp Tech fabrica tubos emisores de infrarrojo simples o dobles para m\u00e1quinas impresoras Heidelberg, Roland, KBA, Komori, Akyama, Mitsubishi, Sakurai&#8230; Disponemos de l\u00e1mparas para insertar en sistemas como Eltosch, Grafix, Piller, Herberts, Jac De Vries, etc. Este a\u00f1o, en DRUPA, suministraremos toda la gama de l\u00e1mparas de recambio de Heidelberg, incluidas la gama [&hellip;]<\/p>\n","protected":false},"author":1,"featured_media":0,"parent":0,"menu_order":0,"comment_status":"open","ping_status":"open","template":"","meta":[],"_links":{"self":[{"href":"https:\/\/www.lamptech.de\/es-emisores\/wp-json\/wp\/v2\/pages\/199"}],"collection":[{"href":"https:\/\/www.lamptech.de\/es-emisores\/wp-json\/wp\/v2\/pages"}],"about":[{"href":"https:\/\/www.lamptech.de\/es-emisores\/wp-json\/wp\/v2\/types\/page"}],"author":[{"embeddable":true,"href":"https:\/\/www.lamptech.de\/es-emisores\/wp-json\/wp\/v2\/users\/1"}],"replies":[{"embeddable":true,"href":"https:\/\/www.lamptech.de\/es-emisores\/wp-json\/wp\/v2\/comments?post=199"}],"version-history":[{"count":1,"href":"https:\/\/www.lamptech.de\/es-emisores\/wp-json\/wp\/v2\/pages\/199\/revisions"}],"predecessor-version":[{"id":209,"href":"https:\/\/www.lamptech.de\/es-emisores\/wp-json\/wp\/v2\/pages\/199\/revisions\/209"}],"wp:attachment":[{"href":"https:\/\/www.lamptech.de\/es-emisores\/wp-json\/wp\/v2\/media?parent=199"}],"curies":[{"name":"wp","href":"https:\/\/api.w.org\/{rel}","templated":true}]}}