{"id":10,"date":"2010-05-27T08:37:36","date_gmt":"2010-05-27T08:37:36","guid":{"rendered":"https:\/\/www.lamptech.de\/es\/?page_id=10"},"modified":"2013-03-06T12:50:19","modified_gmt":"2013-03-06T12:50:19","slug":"emisores-uv","status":"publish","type":"page","link":"https:\/\/www.lamptech.de\/es-emisores\/emisores-uv\/","title":{"rendered":"Emisores UV"},"content":{"rendered":"<h2>Emisores UV<\/h2>\n<p><img style=\"float: left;margin-right: 0\" src=\"https:\/\/www.lamptech.de\/wp-content\/uploads\/2012\/03\/uv-spektrum.gif\" alt=\"UV-Spektrum\" width=\"440\" \/><br \/>\n<img loading=\"lazy\" style=\"float: right;margin-left: 20px\" src=\"https:\/\/www.lamptech.de\/wp-content\/uploads\/2012\/03\/uv_rechts_trans_1.png\" alt=\"UV-Strahler\" width=\"220\" height=\"420\" \/><\/p>\n<div style=\"clear: left\"><\/div>\n<p class=\"bold\">Lamp Tech fabrica y distribuye una amplia gama de l\u00e1mparas UV para una gran variedad de aplicaciones como: impresi\u00f3n offset y offset en seco, impresi\u00f3n en serigraf\u00eda, impresi\u00f3n de etiquetas, impresi\u00f3n flexo, impresi\u00f3n metal, recubrimientos de madera y muebles, impresi\u00f3n en copa de pl\u00e1stico, impresi\u00f3n en cristal, esterilizaci\u00f3n de agua y aire, impresi\u00f3n de naipes, impresi\u00f3n de disco compacto, secado de pegamento UV, pel\u00edcula diazo, plancha&#8230;<\/p>\n<p>Adem\u00e1s, hay solicitudes de UV en la industria del PCB, el agua y la desinfecci\u00f3n del aire, y aplicaciones diversas adhesivo.<\/p>\n<p><img style=\"float: left;margin: 20px 20px 0 0\" src=\"https:\/\/www.lamptech.de\/wp-content\/uploads\/2012\/03\/uv-strahler_neu.jpg\" alt=\"\" width=\"200\" \/><\/p>\n<p style=\"margin-top: 20px\">Nuestras l\u00e1mparas UV est\u00e1n garantizadas <span class=\"bold\"> por 1.500 horas<\/span>.<\/p>\n<p>Para <span class=\"bold\">presupuestar e identificar correctamente<\/span>  su emisor UV, por favor, pulse el rat\u00f3n sobre la palabra &#8220;<a href=\"?page_id=62\"><span class=\"bold\">Cuestionario<\/span><\/a>&#8220;,para enviar los detalles t\u00e9cnicos a Lamp Tech.<\/p>","protected":false},"excerpt":{"rendered":"<p>Emisores UV Lamp Tech fabrica y distribuye una amplia gama de l\u00e1mparas UV para una gran variedad de aplicaciones como: impresi\u00f3n offset y offset en seco, impresi\u00f3n en serigraf\u00eda, impresi\u00f3n de etiquetas, impresi\u00f3n flexo, impresi\u00f3n metal, recubrimientos de madera y muebles, impresi\u00f3n en copa de pl\u00e1stico, impresi\u00f3n en cristal, esterilizaci\u00f3n de agua y aire, impresi\u00f3n [&hellip;]<\/p>\n","protected":false},"author":1,"featured_media":0,"parent":0,"menu_order":2,"comment_status":"open","ping_status":"open","template":"","meta":[],"_links":{"self":[{"href":"https:\/\/www.lamptech.de\/es-emisores\/wp-json\/wp\/v2\/pages\/10"}],"collection":[{"href":"https:\/\/www.lamptech.de\/es-emisores\/wp-json\/wp\/v2\/pages"}],"about":[{"href":"https:\/\/www.lamptech.de\/es-emisores\/wp-json\/wp\/v2\/types\/page"}],"author":[{"embeddable":true,"href":"https:\/\/www.lamptech.de\/es-emisores\/wp-json\/wp\/v2\/users\/1"}],"replies":[{"embeddable":true,"href":"https:\/\/www.lamptech.de\/es-emisores\/wp-json\/wp\/v2\/comments?post=10"}],"version-history":[{"count":1,"href":"https:\/\/www.lamptech.de\/es-emisores\/wp-json\/wp\/v2\/pages\/10\/revisions"}],"predecessor-version":[{"id":211,"href":"https:\/\/www.lamptech.de\/es-emisores\/wp-json\/wp\/v2\/pages\/10\/revisions\/211"}],"wp:attachment":[{"href":"https:\/\/www.lamptech.de\/es-emisores\/wp-json\/wp\/v2\/media?parent=10"}],"curies":[{"name":"wp","href":"https:\/\/api.w.org\/{rel}","templated":true}]}}