{"id":38,"date":"2010-05-27T11:23:32","date_gmt":"2010-05-27T11:23:32","guid":{"rendered":"https:\/\/www.lamptech.de\/de\/?page_id=38"},"modified":"2013-03-06T12:37:32","modified_gmt":"2013-03-06T12:37:32","slug":"ir-fragebogen","status":"publish","type":"page","link":"https:\/\/www.lamptech.de\/de-strahler\/ir-strahler\/ir-fragebogen\/","title":{"rendered":"IR-Fragebogen"},"content":{"rendered":"<h2>Infrarotstrahler &#8211; Fragebogen<\/h2>\n<div class=\"width100fl\">\n<div class=\"left35\">\n<p class=\"mtop25 bold\">Damit wir Ihnen f\u00fcr Ihren Infrarotstrahler ein pr\u00e4zises Angebot machen k\u00f6nnen, bitten wir Sie, diesen Fragebogen soweit wie m\u00f6glich auszuf\u00fcllen und direkt an uns zu senden.<\/p>\n<p><img class=\"mright0 mtop450\" src=\"https:\/\/www.lamptech.de\/wp-content\/uploads\/2012\/03\/roehren_trans.png\" alt=\"Roehren\" width=\"250\" \/><\/p>\n<\/div>\n<div class=\"left60\"><div role=\"form\" class=\"wpcf7\" id=\"wpcf7-f147-o1\" lang=\"en-US\" dir=\"ltr\">\n<div class=\"screen-reader-response\"><p role=\"status\" aria-live=\"polite\" aria-atomic=\"true\"><\/p> <ul><\/ul><\/div>\n<form action=\"\/de-strahler\/wp-json\/wp\/v2\/pages\/38#wpcf7-f147-o1\" method=\"post\" class=\"wpcf7-form init\" novalidate=\"novalidate\" data-status=\"init\">\n<div style=\"display: none;\">\n<input type=\"hidden\" name=\"_wpcf7\" value=\"147\" \/>\n<input type=\"hidden\" name=\"_wpcf7_version\" value=\"5.5.6\" \/>\n<input type=\"hidden\" name=\"_wpcf7_locale\" value=\"en_US\" \/>\n<input type=\"hidden\" name=\"_wpcf7_unit_tag\" value=\"wpcf7-f147-o1\" \/>\n<input type=\"hidden\" name=\"_wpcf7_container_post\" value=\"0\" \/>\n<input type=\"hidden\" name=\"_wpcf7_posted_data_hash\" value=\"\" \/>\n<\/div>\n<p class=\"bold\">Kunde <br \/><span class=\"wpcf7-form-control-wrap your-name\"><input type=\"text\" name=\"your-name\" value=\"\" size=\"40\" class=\"wpcf7-form-control wpcf7-text wpcf7-validates-as-required\" aria-required=\"true\" aria-invalid=\"false\" \/><\/span><\/p>\n<p class=\"bold\">E-Mail<br \/><span class=\"wpcf7-form-control-wrap your-email\"><input type=\"email\" name=\"your-email\" value=\"\" size=\"40\" class=\"wpcf7-form-control wpcf7-text wpcf7-email wpcf7-validates-as-required wpcf7-validates-as-email\" aria-required=\"true\" aria-invalid=\"false\" \/><\/span><\/p>\n<p>Kontaktperson<br \/><span class=\"wpcf7-form-control-wrap text-617\"><input type=\"text\" name=\"text-617\" value=\"\" size=\"40\" class=\"wpcf7-form-control wpcf7-text\" aria-invalid=\"false\" \/><\/span><\/p>\n<p>Anschrift<br \/><span class=\"wpcf7-form-control-wrap text-629\"><input type=\"text\" name=\"text-629\" value=\"\" size=\"40\" class=\"wpcf7-form-control wpcf7-text\" aria-invalid=\"false\" \/><\/span><\/p>\n<p>PLZ<br \/><span class=\"wpcf7-form-control-wrap text-40\"><input type=\"text\" name=\"text-40\" value=\"\" size=\"40\" class=\"wpcf7-form-control wpcf7-text\" aria-invalid=\"false\" \/><\/span><\/p>\n<p>Ort<br \/><span class=\"wpcf7-form-control-wrap text-78\"><input type=\"text\" name=\"text-78\" value=\"\" size=\"40\" class=\"wpcf7-form-control wpcf7-text\" aria-invalid=\"false\" \/><\/span><\/p>\n<p>Telefon<br \/><span class=\"wpcf7-form-control-wrap text-216\"><input type=\"text\" name=\"text-216\" value=\"\" size=\"40\" class=\"wpcf7-form-control wpcf7-text\" aria-invalid=\"false\" \/><\/span><\/p>\n<p>Telefax<br \/><span class=\"wpcf7-form-control-wrap text-421\"><input type=\"text\" name=\"text-421\" value=\"\" size=\"40\" class=\"wpcf7-form-control wpcf7-text\" aria-invalid=\"false\" \/><\/span><\/p>\n<p class=\"bold\">Informationen des Strahlers<br \/><span class=\"wpcf7-form-control-wrap textarea-83\"><textarea name=\"textarea-83\" cols=\"40\" rows=\"10\" class=\"wpcf7-form-control wpcf7-textarea\" aria-invalid=\"false\"><\/textarea><\/span><\/p>\n<p>Bauform (siehe Tabelle links)<br \/><span class=\"wpcf7-form-control-wrap text-85\"><input type=\"text\" name=\"text-85\" value=\"\" size=\"40\" class=\"wpcf7-form-control wpcf7-text\" aria-invalid=\"false\" \/><\/span><\/p>\n<p>Hersteller der Anlage<br \/><span class=\"wpcf7-form-control-wrap text-658\"><input type=\"text\" name=\"text-658\" value=\"\" size=\"40\" class=\"wpcf7-form-control wpcf7-text\" aria-invalid=\"false\" \/><\/span><\/p>\n<p>Hersteller des Trockners<br \/><span class=\"wpcf7-form-control-wrap text-863\"><input type=\"text\" name=\"text-863\" value=\"\" size=\"40\" class=\"wpcf7-form-control wpcf7-text\" aria-invalid=\"false\" \/><\/span><\/p>\n<p>Modell und Baujahr<br \/><span class=\"wpcf7-form-control-wrap text-487\"><input type=\"text\" name=\"text-487\" value=\"\" size=\"40\" class=\"wpcf7-form-control wpcf7-text\" aria-invalid=\"false\" \/><\/span><\/p>\n<p>Gesamtl\u00e4nge des Strahlers<br \/><span class=\"wpcf7-form-control-wrap text-691\"><input type=\"text\" name=\"text-691\" value=\"\" size=\"40\" class=\"wpcf7-form-control wpcf7-text\" aria-invalid=\"false\" \/><\/span><\/p>\n<p>Beheizte L\u00e4nge<br \/><span class=\"wpcf7-form-control-wrap text-666\"><input type=\"text\" name=\"text-666\" value=\"\" size=\"40\" class=\"wpcf7-form-control wpcf7-text\" aria-invalid=\"false\" \/><\/span><\/p>\n<p>Doppelrohr: <span class=\"wpcf7-form-control-wrap checkbox-350\"><span class=\"wpcf7-form-control wpcf7-checkbox\"><span class=\"wpcf7-list-item first\"><input type=\"checkbox\" name=\"checkbox-350[]\" value=\"ja\" \/><span class=\"wpcf7-list-item-label\">ja<\/span><\/span><span class=\"wpcf7-list-item last\"><input type=\"checkbox\" name=\"checkbox-350[]\" value=\"nein\" \/><span class=\"wpcf7-list-item-label\">nein<\/span><\/span><\/span><\/span><\/p>\n<p>Kanal 1<br \/><span class=\"wpcf7-form-control-wrap text-112\"><input type=\"text\" name=\"text-112\" value=\"\" size=\"40\" class=\"wpcf7-form-control wpcf7-text\" aria-invalid=\"false\" \/><\/span><\/p>\n<p>Kanal 2<br \/><span class=\"wpcf7-form-control-wrap text-772\"><input type=\"text\" name=\"text-772\" value=\"\" size=\"40\" class=\"wpcf7-form-control wpcf7-text\" aria-invalid=\"false\" \/><\/span><\/p>\n<p>Spannung des Strahlers<br \/><span class=\"wpcf7-form-control-wrap text-772\"><input type=\"text\" name=\"text-772\" value=\"\" size=\"40\" class=\"wpcf7-form-control wpcf7-text\" aria-invalid=\"false\" \/><\/span><\/p>\n<p>Stromst\u00e4rke<br \/><span class=\"wpcf7-form-control-wrap text-223\"><input type=\"text\" name=\"text-223\" value=\"\" size=\"40\" class=\"wpcf7-form-control wpcf7-text\" aria-invalid=\"false\" \/><\/span><\/p>\n<p>Referenznummer des Strahlers<br \/><span class=\"wpcf7-form-control-wrap text-350\"><input type=\"text\" name=\"text-350\" value=\"\" size=\"40\" class=\"wpcf7-form-control wpcf7-text\" aria-invalid=\"false\" \/><\/span><\/p>\n<p>\n<span class=\"wpcf7-form-control-wrap datenschutz\"><span class=\"wpcf7-form-control wpcf7-acceptance optional\"><span class=\"wpcf7-list-item\"><label><input type=\"checkbox\" name=\"datenschutz\" value=\"1\" aria-invalid=\"false\" \/><span class=\"wpcf7-list-item-label\">Ich stimme zu, dass meine Angaben aus dem Kontaktformular zur Beantwortung meiner Anfrage erhoben und verarbeitet werden. Die Daten werden f\u00fcr 10 Jahre gespeichert oder auf Wunsch gel\u00f6scht. Hinweis: Sie k\u00f6nnen Ihre Einwilligung jederzeit f\u00fcr die Zukunft per E-Mail widerrufen. Detaillierte Informationen zum Umgang mit Nutzerdaten finden Sie in unserer <a href='\/datenschutz\/' target='_blank' title='Die Datenschutzerkl\u00e4rung in einem neuen Tab \u00f6ffnen'>Datenschutzerkl\u00e4rung<\/a>.<\/span><\/label><\/span><\/span><\/span><br \/>\n<input type=\"submit\" value=\"An LampTech schicken\" class=\"wpcf7-form-control has-spinner wpcf7-submit\" \/><\/p>\n<div class=\"wpcf7-response-output\" aria-hidden=\"true\"><\/div><\/form><\/div><\/div>\n<div class=\"clearfix\"><\/div>\n<p>Falls der Strahler komplexer ist, schicken Sie bitte  ein <span class=\"bold\">Muster oder eine detaillierte Zeichnung per Fax (+49 5241 702761)<\/span> an LampTech.<\/p>\n<\/div>","protected":false},"excerpt":{"rendered":"<p>Infrarotstrahler &#8211; Fragebogen Damit wir Ihnen f\u00fcr Ihren Infrarotstrahler ein pr\u00e4zises Angebot machen k\u00f6nnen, bitten wir Sie, diesen Fragebogen soweit wie m\u00f6glich auszuf\u00fcllen und direkt an uns zu senden. Falls der Strahler komplexer ist, schicken Sie bitte ein Muster oder eine detaillierte Zeichnung per Fax (+49 5241 702761) an LampTech.<\/p>\n","protected":false},"author":1,"featured_media":0,"parent":129,"menu_order":1,"comment_status":"open","ping_status":"open","template":"","meta":[],"_links":{"self":[{"href":"https:\/\/www.lamptech.de\/de-strahler\/wp-json\/wp\/v2\/pages\/38"}],"collection":[{"href":"https:\/\/www.lamptech.de\/de-strahler\/wp-json\/wp\/v2\/pages"}],"about":[{"href":"https:\/\/www.lamptech.de\/de-strahler\/wp-json\/wp\/v2\/types\/page"}],"author":[{"embeddable":true,"href":"https:\/\/www.lamptech.de\/de-strahler\/wp-json\/wp\/v2\/users\/1"}],"replies":[{"embeddable":true,"href":"https:\/\/www.lamptech.de\/de-strahler\/wp-json\/wp\/v2\/comments?post=38"}],"version-history":[{"count":13,"href":"https:\/\/www.lamptech.de\/de-strahler\/wp-json\/wp\/v2\/pages\/38\/revisions"}],"predecessor-version":[{"id":180,"href":"https:\/\/www.lamptech.de\/de-strahler\/wp-json\/wp\/v2\/pages\/38\/revisions\/180"}],"up":[{"embeddable":true,"href":"https:\/\/www.lamptech.de\/de-strahler\/wp-json\/wp\/v2\/pages\/129"}],"wp:attachment":[{"href":"https:\/\/www.lamptech.de\/de-strahler\/wp-json\/wp\/v2\/media?parent=38"}],"curies":[{"name":"wp","href":"https:\/\/api.w.org\/{rel}","templated":true}]}}