{"id":21,"date":"2010-05-27T09:22:32","date_gmt":"2010-05-27T09:22:32","guid":{"rendered":"https:\/\/www.lamptech.de\/de\/?page_id=21"},"modified":"2015-06-17T08:26:55","modified_gmt":"2015-06-17T08:26:55","slug":"kontakt","status":"publish","type":"page","link":"https:\/\/www.lamptech.de\/de-strahler\/kontakt\/","title":{"rendered":"Kontakt"},"content":{"rendered":"<div class=\"width100fl\">\n<div class=\"left40 mtop20 mright20\">\n<p class=\"bold\">\u00dcber dieses Kontaktformular <br \/>k\u00f6nnen Sie jederzeit weitere Informationen und Einzelheiten <br \/>von uns erfragen.<\/p>\n<p><\/p>\n<p class=\"bold ptop60\">LampTech<\/p>\n<p>Weidenweg 38<br \/>\n33335 G\u00fctersloh<br \/>\nDeutschland<\/p>\n<p class=\"bold ptop10\">Telefon: +49 (0)5241 702760<\/p>\n<p class=\"bold ptop10\">Telefax: +49 (0)5241 702761<\/p>\n<p class=\"bold ptop10\">E-Mail: lamp.tech@t-online.de<\/p>\n<\/div>\n<div class=\"left57 mtop20\">\n<div role=\"form\" class=\"wpcf7\" id=\"wpcf7-f151-o1\" lang=\"en-US\" dir=\"ltr\">\n<div class=\"screen-reader-response\"><p role=\"status\" aria-live=\"polite\" aria-atomic=\"true\"><\/p> <ul><\/ul><\/div>\n<form action=\"\/de-strahler\/wp-json\/wp\/v2\/pages\/21#wpcf7-f151-o1\" method=\"post\" class=\"wpcf7-form init\" novalidate=\"novalidate\" data-status=\"init\">\n<div style=\"display: none;\">\n<input type=\"hidden\" name=\"_wpcf7\" value=\"151\" \/>\n<input type=\"hidden\" name=\"_wpcf7_version\" value=\"5.5.6\" \/>\n<input type=\"hidden\" name=\"_wpcf7_locale\" value=\"en_US\" \/>\n<input type=\"hidden\" name=\"_wpcf7_unit_tag\" value=\"wpcf7-f151-o1\" \/>\n<input type=\"hidden\" name=\"_wpcf7_container_post\" value=\"0\" \/>\n<input type=\"hidden\" name=\"_wpcf7_posted_data_hash\" value=\"\" \/>\n<\/div>\n<p><span class=\"bold\">Ihr Name<\/span> (bitte angeben)<br \/>\n    <span class=\"wpcf7-form-control-wrap your-name\"><input type=\"text\" name=\"your-name\" value=\"\" size=\"40\" class=\"wpcf7-form-control wpcf7-text wpcf7-validates-as-required\" aria-required=\"true\" aria-invalid=\"false\" \/><\/span> <\/p>\n<p><span class=\"bold\">Ihre Email<\/span> (bitte angeben)<br \/>\n    <span class=\"wpcf7-form-control-wrap your-email\"><input type=\"email\" name=\"your-email\" value=\"\" size=\"40\" class=\"wpcf7-form-control wpcf7-text wpcf7-email wpcf7-validates-as-required wpcf7-validates-as-email\" aria-required=\"true\" aria-invalid=\"false\" \/><\/span> <\/p>\n<p>Betreff<br \/>\n    <span class=\"wpcf7-form-control-wrap your-subject\"><input type=\"text\" name=\"your-subject\" value=\"\" size=\"40\" class=\"wpcf7-form-control wpcf7-text\" aria-invalid=\"false\" \/><\/span> <\/p>\n<p>Ihre Nachricht<br \/>\n    <span class=\"wpcf7-form-control-wrap your-message\"><textarea name=\"your-message\" cols=\"40\" rows=\"10\" class=\"wpcf7-form-control wpcf7-textarea\" aria-invalid=\"false\"><\/textarea><\/span> <\/p>\n<p><span class=\"wpcf7-form-control-wrap datenschutz\"><span class=\"wpcf7-form-control wpcf7-acceptance optional\"><span class=\"wpcf7-list-item\"><label><input type=\"checkbox\" name=\"datenschutz\" value=\"1\" aria-invalid=\"false\" \/><span class=\"wpcf7-list-item-label\">Ich stimme zu, dass meine Angaben aus dem Kontaktformular zur Beantwortung meiner Anfrage erhoben und verarbeitet werden. Die Daten werden f\u00fcr 10 Jahre gespeichert oder auf Wunsch gel\u00f6scht. Hinweis: Sie k\u00f6nnen Ihre Einwilligung jederzeit f\u00fcr die Zukunft per E-Mail widerrufen. Detaillierte Informationen zum Umgang mit Nutzerdaten finden Sie in unserer <a href='\/datenschutz\/' target='_blank' title='Die Datenschutzerkl\u00e4rung in einem neuen Tab \u00f6ffnen'>Datenschutzerkl\u00e4rung<\/a>.<\/span><\/label><\/span><\/span><\/span><\/p>\n<p><input type=\"submit\" value=\"Senden\" class=\"wpcf7-form-control has-spinner wpcf7-submit\" \/><\/p>\n<div class=\"wpcf7-response-output\" aria-hidden=\"true\"><\/div><\/form><\/div>\n<\/div>\n<\/div>","protected":false},"excerpt":{"rendered":"<p>\u00dcber dieses Kontaktformular k\u00f6nnen Sie jederzeit weitere Informationen und Einzelheiten von uns erfragen. LampTech Weidenweg 38 33335 G\u00fctersloh Deutschland Telefon: +49 (0)5241 702760 Telefax: +49 (0)5241 702761 E-Mail: lamp.tech@t-online.de<\/p>\n","protected":false},"author":1,"featured_media":0,"parent":0,"menu_order":8,"comment_status":"open","ping_status":"closed","template":"","meta":[],"_links":{"self":[{"href":"https:\/\/www.lamptech.de\/de-strahler\/wp-json\/wp\/v2\/pages\/21"}],"collection":[{"href":"https:\/\/www.lamptech.de\/de-strahler\/wp-json\/wp\/v2\/pages"}],"about":[{"href":"https:\/\/www.lamptech.de\/de-strahler\/wp-json\/wp\/v2\/types\/page"}],"author":[{"embeddable":true,"href":"https:\/\/www.lamptech.de\/de-strahler\/wp-json\/wp\/v2\/users\/1"}],"replies":[{"embeddable":true,"href":"https:\/\/www.lamptech.de\/de-strahler\/wp-json\/wp\/v2\/comments?post=21"}],"version-history":[{"count":5,"href":"https:\/\/www.lamptech.de\/de-strahler\/wp-json\/wp\/v2\/pages\/21\/revisions"}],"predecessor-version":[{"id":211,"href":"https:\/\/www.lamptech.de\/de-strahler\/wp-json\/wp\/v2\/pages\/21\/revisions\/211"}],"wp:attachment":[{"href":"https:\/\/www.lamptech.de\/de-strahler\/wp-json\/wp\/v2\/media?parent=21"}],"curies":[{"name":"wp","href":"https:\/\/api.w.org\/{rel}","templated":true}]}}