{"id":129,"date":"2010-05-26T14:45:17","date_gmt":"2010-05-26T14:45:17","guid":{"rendered":"https:\/\/www.lamptech.de\/de\/?page_id=3"},"modified":"2013-03-26T18:32:30","modified_gmt":"2013-03-26T18:32:30","slug":"ir-strahler","status":"publish","type":"page","link":"https:\/\/www.lamptech.de\/de-strahler\/","title":{"rendered":"IR-Strahler"},"content":{"rendered":"<h2>IR-Strahler (Infrarotstrahler)<\/h2>\n<p><img loading=\"lazy\" class=\"alignleft mright0\" src=\"https:\/\/www.lamptech.de\/wp-content\/uploads\/2012\/03\/ir-spektrale_de.jpg\" title=\"Infrarot-Strahler\" alt=\"ir-spektrale Leistung Emission\" width=\"440\" height=\"273\" \/><br \/>\n<img loading=\"lazy\" class=\"alignright mleft20\" src=\"https:\/\/www.lamptech.de\/wp-content\/uploads\/2012\/03\/ir_rechts_trans_1.png\" title=\"Infrarotstrahler f\u00fcr verschiedene Trockner\" alt=\"4 verschiedene Infrarotstrahler\" width=\"220\" height=\"420\" \/><\/p>\n<div class=\"clearleft\"><\/div>\n<p>Herzlich Willkommen auf den Webseiten von <strong>LampTech<\/strong><\/p>\n<p><strong>LampTech<\/strong> ist ein Leuchtmittelhersteller, der hochwertige <strong>IR-Strahler<\/strong> (Abk\u00fcrzung f\u00fcr <strong>Infrarotstrahler<\/strong>) in unterschiedlichen Ausf\u00fchrungen produziert. In der breiten Produktpalette von <strong>LampTech<\/strong> finden sich beispielsweise Einzelrohr-<strong>IR-Strahler<\/strong> und Doppelrohr-<strong>IR-Strahler<\/strong>.<\/p>\n<h3><strong>Infrarotstrahler<\/strong> (<strong>IR-Strahler<\/strong>) von <strong>LampTech<\/strong> f\u00fcr Druckmaschinen<\/h3>\n<p>Die <strong>Infrarotstrahler<\/strong> sind mit zahlreichen Anlagen von namhaften Herstellern kompatibel. Dazu z\u00e4hlen unter anderem Druckmaschinen von<\/p>\n<ul>\n<li>Heidelberg<\/li>\n<li>KBA<\/li>\n<li>Roland<\/li>\n<li>Akyama<\/li>\n<li>Komori<\/li>\n<li>Mitsubishi<\/li>\n<li>Sakurai<\/li>\n<\/ul>\n<h3><strong>Infrarotstrahler<\/strong> (<strong>IR-Strahler<\/strong>) von <strong>LampTech<\/strong> f\u00fcr Trockner<\/h3>\n<p>Neben den <strong>IR-Strahlern<\/strong> f\u00fcr die Druckmaschinen produziert <strong>LampTech<\/strong> auch eine Vielzahl an <strong>Infrarotstrahlern<\/strong> f\u00fcr Trockner, wie etwa f\u00fcr Trockner der Marken<\/p>\n<ul>\n<li>Piller<\/li>\n<li>Jac De Vries<\/li>\n<li>Herberts<\/li>\n<li>Grafix<\/li>\n<li>Eltosch<\/li>\n<\/ul>\n<p>Erweitert wurde das Angebot an <strong>IR-Strahlern<\/strong> von <strong>LampTech<\/strong> zuletzt durch die schnellen mittelwelligen <strong>Infrarotstrahler<\/strong>. Au\u00dfer diesen Strahlern bietet das Unternehmen noch weitere IR-Leuchtmittel, wie kurzwellige <strong>IR-Strahler<\/strong> und mittelwellige <strong>IR-Strahler<\/strong>. Unter den <strong>Infrarotstrahlern<\/strong> finden sich beispielsweise auch s\u00e4mtliche Ersatzstrahler f\u00fcr Druckmaschinen der Marke Heidelberg.<\/p>\n<p>Die Garantie f\u00fcr schnelle mittelwellige <strong>Infrarotstrahler<\/strong> und kurzwellige <strong>Infrarotstrahler<\/strong> wird \u00fcber eine Betriebszeit von 5000 Stunden gew\u00e4hrt. Die mittelwelligen <strong>IR-Strahler<\/strong> von <strong>LampTech<\/strong> verf\u00fcgen sogar \u00fcber eine Garantie, die sich \u00fcber eine Betriebsdauer von 20000 Stunden erstreckt.<\/p>\n<p><img class=\"alignleft mtop20 mright20\" src=\"https:\/\/www.lamptech.de\/wp-content\/uploads\/2012\/03\/ir-unten.jpg\" title=\"Infrarotstrahler als Einzelrohr und Doppelrohr\" alt=\"infrarotlampen\" width=\"200\" \/><\/p>\n<h3>Kontakt:<\/h3>\n<p>Falls Sie Interesse an einem unserer <strong>Infrarotstrahler<\/strong> haben, nutzen Sie doch unseren praktischen <a href=\"https:\/\/www.lamptech.de\/de-strahler\/ir-strahler\/ir-fragebogen\/\" title=\"IR-Fragebogen\">IR-Fragebogen<\/a>, um unserem Betrieb die technischen Daten Ihrer Anlage zu \u00fcbermitteln. Unsere Mitarbeiter erstellen dann umgehend ein unverbindliches Angebot und beantworten kompetent Ihre Fragen zu unseren <strong>IR-Strahlern<\/strong>.<\/p>","protected":false},"excerpt":{"rendered":"<p>IR-Strahler (Infrarotstrahler) Herzlich Willkommen auf den Webseiten von LampTech LampTech ist ein Leuchtmittelhersteller, der hochwertige IR-Strahler (Abk\u00fcrzung f\u00fcr Infrarotstrahler) in unterschiedlichen Ausf\u00fchrungen produziert. In der breiten Produktpalette von LampTech finden sich beispielsweise Einzelrohr-IR-Strahler und Doppelrohr-IR-Strahler. Infrarotstrahler (IR-Strahler) von LampTech f\u00fcr Druckmaschinen Die Infrarotstrahler sind mit zahlreichen Anlagen von namhaften Herstellern kompatibel. Dazu z\u00e4hlen unter anderem [&hellip;]<\/p>\n","protected":false},"author":1,"featured_media":0,"parent":0,"menu_order":1,"comment_status":"open","ping_status":"open","template":"","meta":[],"_links":{"self":[{"href":"https:\/\/www.lamptech.de\/de-strahler\/wp-json\/wp\/v2\/pages\/129"}],"collection":[{"href":"https:\/\/www.lamptech.de\/de-strahler\/wp-json\/wp\/v2\/pages"}],"about":[{"href":"https:\/\/www.lamptech.de\/de-strahler\/wp-json\/wp\/v2\/types\/page"}],"author":[{"embeddable":true,"href":"https:\/\/www.lamptech.de\/de-strahler\/wp-json\/wp\/v2\/users\/1"}],"replies":[{"embeddable":true,"href":"https:\/\/www.lamptech.de\/de-strahler\/wp-json\/wp\/v2\/comments?post=129"}],"version-history":[{"count":9,"href":"https:\/\/www.lamptech.de\/de-strahler\/wp-json\/wp\/v2\/pages\/129\/revisions"}],"predecessor-version":[{"id":193,"href":"https:\/\/www.lamptech.de\/de-strahler\/wp-json\/wp\/v2\/pages\/129\/revisions\/193"}],"wp:attachment":[{"href":"https:\/\/www.lamptech.de\/de-strahler\/wp-json\/wp\/v2\/media?parent=129"}],"curies":[{"name":"wp","href":"https:\/\/api.w.org\/{rel}","templated":true}]}}