{"id":10,"date":"2010-05-27T08:37:36","date_gmt":"2010-05-27T08:37:36","guid":{"rendered":"https:\/\/www.lamptech.de\/de\/?page_id=10"},"modified":"2015-06-17T06:55:40","modified_gmt":"2015-06-17T06:55:40","slug":"uv-strahler","status":"publish","type":"page","link":"https:\/\/www.lamptech.de\/de-strahler\/uv-strahler\/","title":{"rendered":"UV-Strahler"},"content":{"rendered":"<h2><strong>UV-Strahler<\/strong> (<strong>Ultraviolett-Strahler<\/strong>)<\/h2>\n<p><img class=\"alignleft mright0\" src=\"https:\/\/www.lamptech.de\/wp-content\/uploads\/2012\/03\/uv-spektrum.gif\" title=\"Spektrum von Ultraviolett-Strahlern\" alt=\"UV-Spektrum\" width=\"440\" \/><br \/>\n<img loading=\"lazy\" class=\"alignright mleft20\" src=\"https:\/\/www.lamptech.de\/wp-content\/uploads\/2012\/03\/uv_rechts_trans_1.png\" title=\"Ultraviolett-Strahler\" alt=\"UV-Strahler\" width=\"220\" height=\"420\" \/><\/p>\n<div class=\"clearleft\"><\/div>\n<p><strong>LampTech<\/strong> fertigt <strong>UV-Strahler<\/strong> (Abk\u00fcrzung f\u00fcr <strong>Ultraviolett-Strahler<\/strong>) f\u00fcr den professionellen Gebrauch, insbesondere f\u00fcr die Druckindustrie. Die <strong>UV-Strahler<\/strong> von <strong>LampTech<\/strong> werden beispielsweise beim<\/p>\n<ul>\n<li>Tiefdruck<\/li>\n<li>Siebdruck<\/li>\n<li>Offsetdruck<\/li>\n<li>Flexodruck<\/li>\n<li>Buchdruck<\/li>\n<\/ul>\n<p>verwendet. Die <strong>Ultraviolett-Strahler<\/strong> kommen bei diesen Druckverfahren zum Einsatz, bei denen unterschiedlichste Materialien bedruckt werden, wie etwa<\/p>\n<ul>\n<li>Papier<\/li>\n<li>Metall<\/li>\n<li>Kunststoff<\/li>\n<li>Karton<\/li>\n<li>Holz<\/li>\n<li>CD\u00b4s<\/li>\n<li>Glas<\/li>\n<\/ul>\n<p>Die <strong>Ultraviolett-Strahler<\/strong> von <strong>LampTech<\/strong> werden allerdings nicht nur in der Druckindustrie verwendet, sondern ebenfalls in vielen anderen Branchen. Die <strong>UV-Strahler<\/strong> werden zum Beispiel zur Fotolithografie in der Leiterplattenindustrie eingesetzt. Die <strong>Ultraviolett-Strahler<\/strong> werden dabei zur Belichtung von Leiterplatten genutzt, die zuvor mit speziellem lichtempfindlichen Fotolack versehen worden sind.<\/p>\n<p>Bei Klebeapplikationen finden die <strong>UV-Strahler<\/strong> ebenfalls h\u00e4ufig eine Verwendung, da mit Hilfe der Strahler der Trocknungsprozess vieler Klebstoffe beschleunigt werden kann. In j\u00fcngerer Zeit wird das Entkeimen von Wasser und Luft auch immer \u00f6fter mit <strong>Ultraviolett-Strahlern<\/strong> realisiert. Dieser Bereich der Desinfektion mit <strong>UV-Strahlern<\/strong> ist noch vergleichsweise jung und birgt enormes Wachstumspotential f\u00fcr die Zukunft.<\/p>\n<p>F\u00fcr Spezialanwendungen k\u00f6nnen die <strong>UV-Strahler<\/strong> von <strong>LampTech<\/strong> auch mit einer besonderen Dotierung versehen werden. Die <strong>Ultraviolett-Strahler<\/strong> k\u00f6nnen mit verschiedenen Metallen dotiert werden, zum Beispiel mit<\/p>\n<ul>\n<li>Quecksilber<\/li>\n<li>Indium<\/li>\n<li>Gallium<\/li>\n<li>Eisen<\/li>\n<li>Blei<\/li>\n<\/ul>\n<p>oder einer Kombination der Stoffe. Durch diese Dotierung ist es m\u00f6glich, die <strong>UV-Strahler<\/strong> f\u00fcr anspruchsvollste Anwendungsbereiche zu optimieren.<\/p>\n<p>Eine Garantie f\u00fcr die <strong>Ultraviolett-Strahler<\/strong> \u00fcbernimmt <strong>LampTech<\/strong> f\u00fcr die Betriebsdauer von 1500 Stunden.<\/p>\n<p><img class=\"alignleft mtop20 mright20\" src=\"https:\/\/www.lamptech.de\/wp-content\/uploads\/2012\/03\/uv-strahler_neu.jpg\" title=\"UV-Strahler\" alt=\"Ultraviolett-Strahler\" width=\"200\" \/><\/p>\n<h3>Kontakt:<\/h3>\n<p>Verwenden Sie doch unseren praktischen <a href=\"https:\/\/www.lamptech.de\/de-strahler\/uv-strahler\/uv-fragebogen\/\" title=\"UV-Fragebogen\">UV-Fragebogen<\/a>, wenn Sie sich f\u00fcr unsere Strahler interessieren. F\u00fcr Sie wird dann umgehend ein unverbindliches Angebot erstellt. Sollten Sie Fragen zu unseren <strong>UV-Strahlern<\/strong> haben, werden diese nat\u00fcrlich auch gerne beantwortet.<\/p>\n<div class=\"clearfix\"><\/div>","protected":false},"excerpt":{"rendered":"<p>UV-Strahler (Ultraviolett-Strahler) LampTech fertigt UV-Strahler (Abk\u00fcrzung f\u00fcr Ultraviolett-Strahler) f\u00fcr den professionellen Gebrauch, insbesondere f\u00fcr die Druckindustrie. Die UV-Strahler von LampTech werden beispielsweise beim Tiefdruck Siebdruck Offsetdruck Flexodruck Buchdruck verwendet. Die Ultraviolett-Strahler kommen bei diesen Druckverfahren zum Einsatz, bei denen unterschiedlichste Materialien bedruckt werden, wie etwa Papier Metall Kunststoff Karton Holz CD\u00b4s Glas Die Ultraviolett-Strahler von [&hellip;]<\/p>\n","protected":false},"author":1,"featured_media":0,"parent":0,"menu_order":2,"comment_status":"open","ping_status":"open","template":"","meta":[],"_links":{"self":[{"href":"https:\/\/www.lamptech.de\/de-strahler\/wp-json\/wp\/v2\/pages\/10"}],"collection":[{"href":"https:\/\/www.lamptech.de\/de-strahler\/wp-json\/wp\/v2\/pages"}],"about":[{"href":"https:\/\/www.lamptech.de\/de-strahler\/wp-json\/wp\/v2\/types\/page"}],"author":[{"embeddable":true,"href":"https:\/\/www.lamptech.de\/de-strahler\/wp-json\/wp\/v2\/users\/1"}],"replies":[{"embeddable":true,"href":"https:\/\/www.lamptech.de\/de-strahler\/wp-json\/wp\/v2\/comments?post=10"}],"version-history":[{"count":14,"href":"https:\/\/www.lamptech.de\/de-strahler\/wp-json\/wp\/v2\/pages\/10\/revisions"}],"predecessor-version":[{"id":206,"href":"https:\/\/www.lamptech.de\/de-strahler\/wp-json\/wp\/v2\/pages\/10\/revisions\/206"}],"wp:attachment":[{"href":"https:\/\/www.lamptech.de\/de-strahler\/wp-json\/wp\/v2\/media?parent=10"}],"curies":[{"name":"wp","href":"https:\/\/api.w.org\/{rel}","templated":true}]}}